{"id":11112,"date":"2025-03-20T11:32:02","date_gmt":"2025-03-20T10:32:02","guid":{"rendered":"https:\/\/www.brussels-skin-center.be\/?page_id=11112"},"modified":"2026-03-31T11:05:15","modified_gmt":"2026-03-31T10:05:15","slug":"doctor-celine-gilmant","status":"publish","type":"page","link":"https:\/\/www.brussels-skin-center.be\/en\/your-dermatologist-in-brussels\/doctor-celine-gilmant\/","title":{"rendered":"Doctor C\u00e9line Gilmant"},"content":{"rendered":"\t\t<div data-elementor-type=\"wp-page\" data-elementor-id=\"11112\" class=\"elementor elementor-11112 elementor-11099\">\n\t\t\t\t\t\t<section class=\"elementor-section elementor-top-section elementor-element elementor-element-4e907f0 elementor-section-boxed elementor-section-height-default elementor-section-height-default\" data-id=\"4e907f0\" data-element_type=\"section\" data-e-type=\"section\">\n\t\t\t\t\t\t<div class=\"elementor-container elementor-column-gap-default\">\n\t\t\t\t\t<div class=\"elementor-column elementor-col-100 elementor-top-column elementor-element elementor-element-4d3ff0c6\" data-id=\"4d3ff0c6\" data-element_type=\"column\" data-e-type=\"column\">\n\t\t\t<div class=\"elementor-widget-wrap elementor-element-populated\">\n\t\t\t\t\t\t<div class=\"elementor-element elementor-element-59250a30 elementor-widget elementor-widget-heading\" data-id=\"59250a30\" data-element_type=\"widget\" data-e-type=\"widget\" data-widget_type=\"heading.default\">\n\t\t\t\t<div class=\"elementor-widget-container\">\n\t\t\t\t\t<h1 class=\"elementor-heading-title elementor-size-default\">Doctor C\u00e9line Gilmant<\/h1>\t\t\t\t<\/div>\n\t\t\t\t<\/div>\n\t\t\t\t\t<\/div>\n\t\t<\/div>\n\t\t\t\t\t<\/div>\n\t\t<\/section>\n\t\t\t\t<section class=\"elementor-section elementor-top-section elementor-element elementor-element-7a4e5639 elementor-section-boxed elementor-section-height-default elementor-section-height-default\" data-id=\"7a4e5639\" data-element_type=\"section\" data-e-type=\"section\">\n\t\t\t\t\t\t<div class=\"elementor-container elementor-column-gap-default\">\n\t\t\t\t\t<div class=\"elementor-column elementor-col-100 elementor-top-column elementor-element elementor-element-6f568c17\" data-id=\"6f568c17\" data-element_type=\"column\" data-e-type=\"column\">\n\t\t\t<div class=\"elementor-widget-wrap elementor-element-populated\">\n\t\t\t\t\t\t<section class=\"elementor-section elementor-inner-section elementor-element elementor-element-7997be61 elementor-section-boxed elementor-section-height-default elementor-section-height-default\" data-id=\"7997be61\" data-element_type=\"section\" data-e-type=\"section\">\n\t\t\t\t\t\t<div class=\"elementor-container elementor-column-gap-default\">\n\t\t\t\t\t<div class=\"elementor-column elementor-col-50 elementor-inner-column elementor-element elementor-element-15a15f1d\" data-id=\"15a15f1d\" data-element_type=\"column\" data-e-type=\"column\">\n\t\t\t<div class=\"elementor-widget-wrap elementor-element-populated\">\n\t\t\t\t\t\t<div class=\"elementor-element elementor-element-3c0d82a elementor-widget elementor-widget-image\" data-id=\"3c0d82a\" data-element_type=\"widget\" data-e-type=\"widget\" data-widget_type=\"image.default\">\n\t\t\t\t<div class=\"elementor-widget-container\">\n\t\t\t\t\t\t\t\t\t\t\t\t\t\t\t<img fetchpriority=\"high\" decoding=\"async\" width=\"400\" height=\"600\" src=\"https:\/\/www.brussels-skin-center.be\/wp-content\/uploads\/2025\/04\/Dr-Celine-Gilmant-Dermatologue-Brussels-Skin-Center.jpg\" class=\"attachment-full size-full wp-image-11505\" alt=\"Dr. C\u00e9line Gilmant, assistant dermatologist\" srcset=\"https:\/\/www.brussels-skin-center.be\/wp-content\/uploads\/2025\/04\/Dr-Celine-Gilmant-Dermatologue-Brussels-Skin-Center.jpg 400w, https:\/\/www.brussels-skin-center.be\/wp-content\/uploads\/2025\/04\/Dr-Celine-Gilmant-Dermatologue-Brussels-Skin-Center-67x100.jpg 67w\" sizes=\"(max-width: 400px) 100vw, 400px\" \/>\t\t\t\t\t\t\t\t\t\t\t\t\t\t\t<\/div>\n\t\t\t\t<\/div>\n\t\t\t\t\t<\/div>\n\t\t<\/div>\n\t\t\t\t<div class=\"elementor-column elementor-col-50 elementor-inner-column elementor-element elementor-element-172676a9\" data-id=\"172676a9\" data-element_type=\"column\" data-e-type=\"column\">\n\t\t\t<div class=\"elementor-widget-wrap elementor-element-populated\">\n\t\t\t\t\t\t<div class=\"elementor-element elementor-element-6cea61e3 elementor-widget elementor-widget-heading\" data-id=\"6cea61e3\" data-element_type=\"widget\" data-e-type=\"widget\" data-widget_type=\"heading.default\">\n\t\t\t\t<div class=\"elementor-widget-container\">\n\t\t\t\t\t<h2 class=\"elementor-heading-title elementor-size-default\">Fields of expertise of Dr. C\u00e9line Gilmant<\/h2>\t\t\t\t<\/div>\n\t\t\t\t<\/div>\n\t\t\t\t<div class=\"elementor-element elementor-element-750b2bc5 elementor-widget elementor-widget-text-editor\" data-id=\"750b2bc5\" data-element_type=\"widget\" data-e-type=\"widget\" data-widget_type=\"text-editor.default\">\n\t\t\t\t<div class=\"elementor-widget-container\">\n\t\t\t\t\t\t\t\t\t<ul><li>General dermatology<\/li><li>Dermatology emergencies<\/li><\/ul>\t\t\t\t\t\t\t\t<\/div>\n\t\t\t\t<\/div>\n\t\t\t\t<div class=\"elementor-element elementor-element-7e32c1c elementor-widget elementor-widget-heading\" data-id=\"7e32c1c\" data-element_type=\"widget\" data-e-type=\"widget\" data-widget_type=\"heading.default\">\n\t\t\t\t<div class=\"elementor-widget-container\">\n\t\t\t\t\t<h2 class=\"elementor-heading-title elementor-size-default\">Specializations in general dermatology<\/h2>\t\t\t\t<\/div>\n\t\t\t\t<\/div>\n\t\t\t\t<div class=\"elementor-element elementor-element-a2f511a elementor-widget elementor-widget-text-editor\" data-id=\"a2f511a\" data-element_type=\"widget\" data-e-type=\"widget\" data-widget_type=\"text-editor.default\">\n\t\t\t\t<div class=\"elementor-widget-container\">\n\t\t\t\t\t\t\t\t\t<ul><li>Skin Cancer<\/li><li>Infectious diseases<\/li><li>Sexually transmitted infections (STI) in men and in women<\/li><\/ul>\t\t\t\t\t\t\t\t<\/div>\n\t\t\t\t<\/div>\n\t\t\t\t\t<\/div>\n\t\t<\/div>\n\t\t\t\t\t<\/div>\n\t\t<\/section>\n\t\t\t\t\t<\/div>\n\t\t<\/div>\n\t\t\t\t\t<\/div>\n\t\t<\/section>\n\t\t\t\t<section class=\"elementor-section elementor-top-section elementor-element elementor-element-35e92777 elementor-section-boxed elementor-section-height-default elementor-section-height-default\" data-id=\"35e92777\" data-element_type=\"section\" data-e-type=\"section\">\n\t\t\t\t\t\t<div class=\"elementor-container elementor-column-gap-default\">\n\t\t\t\t\t<div class=\"elementor-column elementor-col-100 elementor-top-column elementor-element elementor-element-564bac8a\" data-id=\"564bac8a\" data-element_type=\"column\" data-e-type=\"column\">\n\t\t\t<div class=\"elementor-widget-wrap elementor-element-populated\">\n\t\t\t\t\t\t<div class=\"elementor-element elementor-element-5a5235f2 elementor-widget elementor-widget-heading\" data-id=\"5a5235f2\" data-element_type=\"widget\" data-e-type=\"widget\" data-widget_type=\"heading.default\">\n\t\t\t\t<div class=\"elementor-widget-container\">\n\t\t\t\t\t<h2 class=\"elementor-heading-title elementor-size-default\">Learn more about Dr. Gilmant<\/h2>\t\t\t\t<\/div>\n\t\t\t\t<\/div>\n\t\t\t\t<div class=\"elementor-element elementor-element-4f8e007d elementor-widget elementor-widget-text-editor\" data-id=\"4f8e007d\" data-element_type=\"widget\" data-e-type=\"widget\" data-widget_type=\"text-editor.default\">\n\t\t\t\t<div class=\"elementor-widget-container\">\n\t\t\t\t\t\t\t\t\t<p style=\"text-align: center;\"><strong>Dr C\u00e9line Gilmant, dermatologist<\/strong>, studied medicine at UMons and ULB. After a six-month placement in geriatrics at the start of her training, she went on to specialize in dermatology at a number of reference centers, including Saint-Pierre University Hospital, Brugmann University Hospital and Saint-Luc Univerisy Clinics.<\/p><p style=\"text-align: center;\">She has also <strong>acquired additional expertise in infectious diseases and STIs, working at the MIA center<\/strong> (Center for Infectious Diseases) at Saint-Pierre University Hospital, alongside infectious disease specialists and general practitioners. This experience has enabled her to develop a particular <strong>interest in monitoring immunocompromised patients<\/strong>. And lastly, <strong>she has trained in cartography and dermoscopy for skin oncology and screening<\/strong>.<\/p>\t\t\t\t\t\t\t\t<\/div>\n\t\t\t\t<\/div>\n\t\t\t\t\t<\/div>\n\t\t<\/div>\n\t\t\t\t\t<\/div>\n\t\t<\/section>\n\t\t\t\t<section class=\"elementor-section elementor-top-section elementor-element elementor-element-44180e45 elementor-section-boxed elementor-section-height-default elementor-section-height-default\" data-id=\"44180e45\" data-element_type=\"section\" data-e-type=\"section\">\n\t\t\t\t\t\t<div class=\"elementor-container elementor-column-gap-default\">\n\t\t\t\t\t<div class=\"elementor-column elementor-col-100 elementor-top-column elementor-element elementor-element-4219206f\" data-id=\"4219206f\" data-element_type=\"column\" data-e-type=\"column\">\n\t\t\t<div class=\"elementor-widget-wrap elementor-element-populated\">\n\t\t\t\t\t\t<div class=\"elementor-element elementor-element-64a38899 elementor-widget elementor-widget-heading\" data-id=\"64a38899\" data-element_type=\"widget\" data-e-type=\"widget\" data-widget_type=\"heading.default\">\n\t\t\t\t<div class=\"elementor-widget-container\">\n\t\t\t\t\t<h2 class=\"elementor-heading-title elementor-size-default\">Your appointment with Dr. C\u00e9line Gilmant<\/h2>\t\t\t\t<\/div>\n\t\t\t\t<\/div>\n\t\t\t\t<div class=\"elementor-element elementor-element-6a05d89e elementor-widget elementor-widget-text-editor\" data-id=\"6a05d89e\" data-element_type=\"widget\" data-e-type=\"widget\" data-widget_type=\"text-editor.default\">\n\t\t\t\t<div class=\"elementor-widget-container\">\n\t\t\t\t\t\t\t\t\t<p style=\"text-align: center;\">You can consult her at the Brussels Skin Center for all<strong> general dermatology consultations in English and French<\/strong> in the European Quarter.<\/p><p style=\"text-align: center;\">The price for a<strong> consultation is \u20ac90<\/strong>, excluding any supplements (technical procedures, etc.).<\/p>\t\t\t\t\t\t\t\t<\/div>\n\t\t\t\t<\/div>\n\t\t\t\t\t<\/div>\n\t\t<\/div>\n\t\t\t\t\t<\/div>\n\t\t<\/section>\n\t\t\t\t<section class=\"elementor-section elementor-top-section elementor-element elementor-element-48ba56ae elementor-section-boxed elementor-section-height-default elementor-section-height-default\" data-id=\"48ba56ae\" data-element_type=\"section\" data-e-type=\"section\">\n\t\t\t\t\t\t<div class=\"elementor-container elementor-column-gap-default\">\n\t\t\t\t\t<div class=\"elementor-column elementor-col-50 elementor-top-column elementor-element elementor-element-3dcfa433\" data-id=\"3dcfa433\" data-element_type=\"column\" data-e-type=\"column\">\n\t\t\t<div class=\"elementor-widget-wrap elementor-element-populated\">\n\t\t\t\t\t\t<div class=\"elementor-element elementor-element-1bee6262 elementor-align-center elementor-widget elementor-widget-button\" data-id=\"1bee6262\" data-element_type=\"widget\" data-e-type=\"widget\" data-widget_type=\"button.default\">\n\t\t\t\t<div class=\"elementor-widget-container\">\n\t\t\t\t\t\t\t\t\t<div class=\"elementor-button-wrapper\">\n\t\t\t\t\t<a class=\"elementor-button elementor-button-link elementor-size-sm\" href=\"https:\/\/www.brussels-skin-center.be\/en\/dermatologist-brussels\/\">\n\t\t\t\t\t\t<span class=\"elementor-button-content-wrapper\">\n\t\t\t\t\t\t\t\t\t<span class=\"elementor-button-text\">The BSC's team<\/span>\n\t\t\t\t\t<\/span>\n\t\t\t\t\t<\/a>\n\t\t\t\t<\/div>\n\t\t\t\t\t\t\t\t<\/div>\n\t\t\t\t<\/div>\n\t\t\t\t\t<\/div>\n\t\t<\/div>\n\t\t\t\t<div class=\"elementor-column elementor-col-50 elementor-top-column elementor-element elementor-element-7dc33c7f\" data-id=\"7dc33c7f\" data-element_type=\"column\" data-e-type=\"column\">\n\t\t\t<div class=\"elementor-widget-wrap elementor-element-populated\">\n\t\t\t\t\t\t<div class=\"elementor-element elementor-element-1031b1f3 elementor-align-center elementor-widget elementor-widget-button\" data-id=\"1031b1f3\" data-element_type=\"widget\" data-e-type=\"widget\" data-widget_type=\"button.default\">\n\t\t\t\t<div class=\"elementor-widget-container\">\n\t\t\t\t\t\t\t\t\t<div class=\"elementor-button-wrapper\">\n\t\t\t\t\t<a class=\"elementor-button elementor-button-link elementor-size-sm\" href=\"https:\/\/www.brussels-skin-center.be\/en\/schedule-appointment\/\">\n\t\t\t\t\t\t<span class=\"elementor-button-content-wrapper\">\n\t\t\t\t\t\t<span class=\"elementor-button-icon\">\n\t\t\t\t<i aria-hidden=\"true\" class=\"far fa-calendar-alt\"><\/i>\t\t\t<\/span>\n\t\t\t\t\t\t\t\t\t<span class=\"elementor-button-text\">Schedule an appointement<\/span>\n\t\t\t\t\t<\/span>\n\t\t\t\t\t<\/a>\n\t\t\t\t<\/div>\n\t\t\t\t\t\t\t\t<\/div>\n\t\t\t\t<\/div>\n\t\t\t\t\t<\/div>\n\t\t<\/div>\n\t\t\t\t\t<\/div>\n\t\t<\/section>\n\t\t\t\t<\/div>\n\t\t","protected":false},"excerpt":{"rendered":"<p>Doctor C\u00e9line Gilmant Fields of expertise of Dr. C\u00e9line Gilmant General dermatology Dermatology emergencies Specializations in general dermatology Skin Cancer Infectious diseases Sexually transmitted infections (STI) in men and in women Learn more about Dr. Gilmant Dr C\u00e9line Gilmant, dermatologist, studied medicine at UMons and ULB. After a six-month placement in geriatrics at the start of her training, she went on to specialize in dermatology at a number of reference centers, including Saint-Pierre University Hospital, Brugmann University Hospital and Saint-Luc Univerisy Clinics. She has also acquired additional expertise in infectious diseases and STIs, working at the MIA center (Center for&hellip; <\/p>\n","protected":false},"author":6,"featured_media":0,"parent":51,"menu_order":0,"comment_status":"closed","ping_status":"closed","template":"","meta":{"footnotes":""},"class_list":["post-11112","page","type-page","status-publish","hentry"],"yoast_head":"<!-- This site is optimized with the Yoast SEO Premium plugin v26.3 (Yoast SEO v27.4) - https:\/\/yoast.com\/product\/yoast-seo-premium-wordpress\/ -->\n<title>Doctor C\u00e9line Gilmant - Brussels Skin Center<\/title>\n<meta name=\"description\" content=\"She is completing one year of her specialization in dermatology under the supervision of Dr. Claire Debusscher.\" \/>\n<meta name=\"robots\" content=\"index, follow, max-snippet:-1, max-image-preview:large, max-video-preview:-1\" \/>\n<link rel=\"canonical\" href=\"https:\/\/www.brussels-skin-center.be\/en\/your-dermatologist-in-brussels\/doctor-celine-gilmant\/\" \/>\n<meta property=\"og:locale\" content=\"en_US\" \/>\n<meta property=\"og:type\" content=\"article\" \/>\n<meta property=\"og:title\" content=\"Doctor C\u00e9line Gilmant\" \/>\n<meta property=\"og:description\" content=\"Doctor C\u00e9line Gilmant Fields of expertise of Dr. C\u00e9line Gilmant General dermatologyDermatology emergencies Specializations in general dermatology Skin\" \/>\n<meta property=\"og:url\" content=\"https:\/\/www.brussels-skin-center.be\/en\/your-dermatologist-in-brussels\/doctor-celine-gilmant\/\" \/>\n<meta property=\"og:site_name\" content=\"Brussels Skin Center\" \/>\n<meta property=\"article:publisher\" content=\"https:\/\/www.facebook.com\/brusselsskincenter\/\" \/>\n<meta property=\"article:modified_time\" content=\"2026-03-31T10:05:15+00:00\" \/>\n<meta property=\"og:image\" content=\"https:\/\/www.brussels-skin-center.be\/wp-content\/uploads\/2025\/04\/Dr-Celine-Gilmant-Dermatologue-Brussels-Skin-Center.jpg\" \/>\n\t<meta property=\"og:image:width\" content=\"400\" \/>\n\t<meta property=\"og:image:height\" content=\"600\" \/>\n\t<meta property=\"og:image:type\" content=\"image\/jpeg\" \/>\n<meta name=\"twitter:label1\" content=\"Est. reading time\" \/>\n\t<meta name=\"twitter:data1\" content=\"1 minute\" \/>\n<script type=\"application\/ld+json\" class=\"yoast-schema-graph\">{\"@context\":\"https:\\\/\\\/schema.org\",\"@graph\":[{\"@type\":\"WebPage\",\"@id\":\"https:\\\/\\\/www.brussels-skin-center.be\\\/en\\\/your-dermatologist-in-brussels\\\/doctor-celine-gilmant\\\/\",\"url\":\"https:\\\/\\\/www.brussels-skin-center.be\\\/en\\\/your-dermatologist-in-brussels\\\/doctor-celine-gilmant\\\/\",\"name\":\"Doctor C\u00e9line Gilmant - Brussels Skin Center\",\"isPartOf\":{\"@id\":\"https:\\\/\\\/www.brussels-skin-center.be\\\/en\\\/#website\"},\"primaryImageOfPage\":{\"@id\":\"https:\\\/\\\/www.brussels-skin-center.be\\\/en\\\/your-dermatologist-in-brussels\\\/doctor-celine-gilmant\\\/#primaryimage\"},\"image\":{\"@id\":\"https:\\\/\\\/www.brussels-skin-center.be\\\/en\\\/your-dermatologist-in-brussels\\\/doctor-celine-gilmant\\\/#primaryimage\"},\"thumbnailUrl\":\"https:\\\/\\\/www.brussels-skin-center.be\\\/wp-content\\\/uploads\\\/2025\\\/04\\\/Dr-Celine-Gilmant-Dermatologue-Brussels-Skin-Center.jpg\",\"datePublished\":\"2025-03-20T10:32:02+00:00\",\"dateModified\":\"2026-03-31T10:05:15+00:00\",\"description\":\"She is completing one year of her specialization in dermatology under the supervision of Dr. Claire Debusscher.\",\"breadcrumb\":{\"@id\":\"https:\\\/\\\/www.brussels-skin-center.be\\\/en\\\/your-dermatologist-in-brussels\\\/doctor-celine-gilmant\\\/#breadcrumb\"},\"inLanguage\":\"en-US\",\"potentialAction\":[{\"@type\":\"ReadAction\",\"target\":[\"https:\\\/\\\/www.brussels-skin-center.be\\\/en\\\/your-dermatologist-in-brussels\\\/doctor-celine-gilmant\\\/\"]}]},{\"@type\":\"ImageObject\",\"inLanguage\":\"en-US\",\"@id\":\"https:\\\/\\\/www.brussels-skin-center.be\\\/en\\\/your-dermatologist-in-brussels\\\/doctor-celine-gilmant\\\/#primaryimage\",\"url\":\"https:\\\/\\\/www.brussels-skin-center.be\\\/wp-content\\\/uploads\\\/2025\\\/04\\\/Dr-Celine-Gilmant-Dermatologue-Brussels-Skin-Center.jpg\",\"contentUrl\":\"https:\\\/\\\/www.brussels-skin-center.be\\\/wp-content\\\/uploads\\\/2025\\\/04\\\/Dr-Celine-Gilmant-Dermatologue-Brussels-Skin-Center.jpg\"},{\"@type\":\"BreadcrumbList\",\"@id\":\"https:\\\/\\\/www.brussels-skin-center.be\\\/en\\\/your-dermatologist-in-brussels\\\/doctor-celine-gilmant\\\/#breadcrumb\",\"itemListElement\":[{\"@type\":\"ListItem\",\"position\":1,\"name\":\"Home\",\"item\":\"https:\\\/\\\/www.brussels-skin-center.be\\\/en\\\/\"},{\"@type\":\"ListItem\",\"position\":2,\"name\":\"Your dermatologist in Brussels\",\"item\":\"https:\\\/\\\/www.brussels-skin-center.be\\\/en\\\/your-dermatologist-in-brussels\\\/\"},{\"@type\":\"ListItem\",\"position\":3,\"name\":\"Doctor C\u00e9line Gilmant\"}]},{\"@type\":\"WebSite\",\"@id\":\"https:\\\/\\\/www.brussels-skin-center.be\\\/en\\\/#website\",\"url\":\"https:\\\/\\\/www.brussels-skin-center.be\\\/en\\\/\",\"name\":\"Brussels Skin Center\",\"description\":\"Dermatologie - Dermatology\",\"publisher\":{\"@id\":\"https:\\\/\\\/www.brussels-skin-center.be\\\/en\\\/#organization\"},\"potentialAction\":[{\"@type\":\"SearchAction\",\"target\":{\"@type\":\"EntryPoint\",\"urlTemplate\":\"https:\\\/\\\/www.brussels-skin-center.be\\\/en\\\/?s={search_term_string}\"},\"query-input\":{\"@type\":\"PropertyValueSpecification\",\"valueRequired\":true,\"valueName\":\"search_term_string\"}}],\"inLanguage\":\"en-US\"},{\"@type\":\"Organization\",\"@id\":\"https:\\\/\\\/www.brussels-skin-center.be\\\/en\\\/#organization\",\"name\":\"Brussels Skin Center\",\"url\":\"https:\\\/\\\/www.brussels-skin-center.be\\\/en\\\/\",\"logo\":{\"@type\":\"ImageObject\",\"inLanguage\":\"en-US\",\"@id\":\"https:\\\/\\\/www.brussels-skin-center.be\\\/en\\\/#\\\/schema\\\/logo\\\/image\\\/\",\"url\":\"https:\\\/\\\/www.brussels-skin-center.be\\\/wp-content\\\/uploads\\\/2022\\\/03\\\/BSC_logo-2.png\",\"contentUrl\":\"https:\\\/\\\/www.brussels-skin-center.be\\\/wp-content\\\/uploads\\\/2022\\\/03\\\/BSC_logo-2.png\",\"width\":512,\"height\":512,\"caption\":\"Brussels Skin Center\"},\"image\":{\"@id\":\"https:\\\/\\\/www.brussels-skin-center.be\\\/en\\\/#\\\/schema\\\/logo\\\/image\\\/\"},\"sameAs\":[\"https:\\\/\\\/www.facebook.com\\\/brusselsskincenter\\\/\",\"https:\\\/\\\/www.linkedin.com\\\/company\\\/brussels-skin-center\\\/\"]}]}<\/script>\n<!-- \/ Yoast SEO Premium plugin. -->","yoast_head_json":{"title":"Doctor C\u00e9line Gilmant - Brussels Skin Center","description":"She is completing one year of her specialization in dermatology under the supervision of Dr. Claire Debusscher.","robots":{"index":"index","follow":"follow","max-snippet":"max-snippet:-1","max-image-preview":"max-image-preview:large","max-video-preview":"max-video-preview:-1"},"canonical":"https:\/\/www.brussels-skin-center.be\/en\/your-dermatologist-in-brussels\/doctor-celine-gilmant\/","og_locale":"en_US","og_type":"article","og_title":"Doctor C\u00e9line Gilmant","og_description":"Doctor C\u00e9line Gilmant Fields of expertise of Dr. C\u00e9line Gilmant General dermatologyDermatology emergencies Specializations in general dermatology Skin","og_url":"https:\/\/www.brussels-skin-center.be\/en\/your-dermatologist-in-brussels\/doctor-celine-gilmant\/","og_site_name":"Brussels Skin Center","article_publisher":"https:\/\/www.facebook.com\/brusselsskincenter\/","article_modified_time":"2026-03-31T10:05:15+00:00","og_image":[{"width":400,"height":600,"url":"https:\/\/www.brussels-skin-center.be\/wp-content\/uploads\/2025\/04\/Dr-Celine-Gilmant-Dermatologue-Brussels-Skin-Center.jpg","type":"image\/jpeg"}],"twitter_misc":{"Est. reading time":"1 minute"},"schema":{"@context":"https:\/\/schema.org","@graph":[{"@type":"WebPage","@id":"https:\/\/www.brussels-skin-center.be\/en\/your-dermatologist-in-brussels\/doctor-celine-gilmant\/","url":"https:\/\/www.brussels-skin-center.be\/en\/your-dermatologist-in-brussels\/doctor-celine-gilmant\/","name":"Doctor C\u00e9line Gilmant - Brussels Skin Center","isPartOf":{"@id":"https:\/\/www.brussels-skin-center.be\/en\/#website"},"primaryImageOfPage":{"@id":"https:\/\/www.brussels-skin-center.be\/en\/your-dermatologist-in-brussels\/doctor-celine-gilmant\/#primaryimage"},"image":{"@id":"https:\/\/www.brussels-skin-center.be\/en\/your-dermatologist-in-brussels\/doctor-celine-gilmant\/#primaryimage"},"thumbnailUrl":"https:\/\/www.brussels-skin-center.be\/wp-content\/uploads\/2025\/04\/Dr-Celine-Gilmant-Dermatologue-Brussels-Skin-Center.jpg","datePublished":"2025-03-20T10:32:02+00:00","dateModified":"2026-03-31T10:05:15+00:00","description":"She is completing one year of her specialization in dermatology under the supervision of Dr. Claire Debusscher.","breadcrumb":{"@id":"https:\/\/www.brussels-skin-center.be\/en\/your-dermatologist-in-brussels\/doctor-celine-gilmant\/#breadcrumb"},"inLanguage":"en-US","potentialAction":[{"@type":"ReadAction","target":["https:\/\/www.brussels-skin-center.be\/en\/your-dermatologist-in-brussels\/doctor-celine-gilmant\/"]}]},{"@type":"ImageObject","inLanguage":"en-US","@id":"https:\/\/www.brussels-skin-center.be\/en\/your-dermatologist-in-brussels\/doctor-celine-gilmant\/#primaryimage","url":"https:\/\/www.brussels-skin-center.be\/wp-content\/uploads\/2025\/04\/Dr-Celine-Gilmant-Dermatologue-Brussels-Skin-Center.jpg","contentUrl":"https:\/\/www.brussels-skin-center.be\/wp-content\/uploads\/2025\/04\/Dr-Celine-Gilmant-Dermatologue-Brussels-Skin-Center.jpg"},{"@type":"BreadcrumbList","@id":"https:\/\/www.brussels-skin-center.be\/en\/your-dermatologist-in-brussels\/doctor-celine-gilmant\/#breadcrumb","itemListElement":[{"@type":"ListItem","position":1,"name":"Home","item":"https:\/\/www.brussels-skin-center.be\/en\/"},{"@type":"ListItem","position":2,"name":"Your dermatologist in Brussels","item":"https:\/\/www.brussels-skin-center.be\/en\/your-dermatologist-in-brussels\/"},{"@type":"ListItem","position":3,"name":"Doctor C\u00e9line Gilmant"}]},{"@type":"WebSite","@id":"https:\/\/www.brussels-skin-center.be\/en\/#website","url":"https:\/\/www.brussels-skin-center.be\/en\/","name":"Brussels Skin Center","description":"Dermatologie - Dermatology","publisher":{"@id":"https:\/\/www.brussels-skin-center.be\/en\/#organization"},"potentialAction":[{"@type":"SearchAction","target":{"@type":"EntryPoint","urlTemplate":"https:\/\/www.brussels-skin-center.be\/en\/?s={search_term_string}"},"query-input":{"@type":"PropertyValueSpecification","valueRequired":true,"valueName":"search_term_string"}}],"inLanguage":"en-US"},{"@type":"Organization","@id":"https:\/\/www.brussels-skin-center.be\/en\/#organization","name":"Brussels Skin Center","url":"https:\/\/www.brussels-skin-center.be\/en\/","logo":{"@type":"ImageObject","inLanguage":"en-US","@id":"https:\/\/www.brussels-skin-center.be\/en\/#\/schema\/logo\/image\/","url":"https:\/\/www.brussels-skin-center.be\/wp-content\/uploads\/2022\/03\/BSC_logo-2.png","contentUrl":"https:\/\/www.brussels-skin-center.be\/wp-content\/uploads\/2022\/03\/BSC_logo-2.png","width":512,"height":512,"caption":"Brussels Skin Center"},"image":{"@id":"https:\/\/www.brussels-skin-center.be\/en\/#\/schema\/logo\/image\/"},"sameAs":["https:\/\/www.facebook.com\/brusselsskincenter\/","https:\/\/www.linkedin.com\/company\/brussels-skin-center\/"]}]}},"_links":{"self":[{"href":"https:\/\/www.brussels-skin-center.be\/en\/wp-json\/wp\/v2\/pages\/11112","targetHints":{"allow":["GET"]}}],"collection":[{"href":"https:\/\/www.brussels-skin-center.be\/en\/wp-json\/wp\/v2\/pages"}],"about":[{"href":"https:\/\/www.brussels-skin-center.be\/en\/wp-json\/wp\/v2\/types\/page"}],"author":[{"embeddable":true,"href":"https:\/\/www.brussels-skin-center.be\/en\/wp-json\/wp\/v2\/users\/6"}],"replies":[{"embeddable":true,"href":"https:\/\/www.brussels-skin-center.be\/en\/wp-json\/wp\/v2\/comments?post=11112"}],"version-history":[{"count":0,"href":"https:\/\/www.brussels-skin-center.be\/en\/wp-json\/wp\/v2\/pages\/11112\/revisions"}],"up":[{"embeddable":true,"href":"https:\/\/www.brussels-skin-center.be\/en\/wp-json\/wp\/v2\/pages\/51"}],"wp:attachment":[{"href":"https:\/\/www.brussels-skin-center.be\/en\/wp-json\/wp\/v2\/media?parent=11112"}],"curies":[{"name":"wp","href":"https:\/\/api.w.org\/{rel}","templated":true}]}}