{"id":12945,"date":"2026-03-26T13:38:30","date_gmt":"2026-03-26T12:38:30","guid":{"rendered":"https:\/\/www.brussels-skin-center.be\/?page_id=12945"},"modified":"2026-03-26T13:49:07","modified_gmt":"2026-03-26T12:49:07","slug":"doctor-celine-dandoy","status":"publish","type":"page","link":"https:\/\/www.brussels-skin-center.be\/en\/your-dermatologist-in-brussels\/doctor-celine-dandoy\/","title":{"rendered":"Doctor C\u00e9line Dandoy"},"content":{"rendered":"\t\t<div data-elementor-type=\"wp-page\" data-elementor-id=\"12945\" class=\"elementor elementor-12945 elementor-12913\">\n\t\t\t\t\t\t<section class=\"elementor-section elementor-top-section elementor-element elementor-element-724510d elementor-section-boxed elementor-section-height-default elementor-section-height-default\" data-id=\"724510d\" data-element_type=\"section\" data-e-type=\"section\">\n\t\t\t\t\t\t<div class=\"elementor-container elementor-column-gap-default\">\n\t\t\t\t\t<div class=\"elementor-column elementor-col-100 elementor-top-column elementor-element elementor-element-1fab62a4\" data-id=\"1fab62a4\" data-element_type=\"column\" data-e-type=\"column\">\n\t\t\t<div class=\"elementor-widget-wrap elementor-element-populated\">\n\t\t\t\t\t\t<div class=\"elementor-element elementor-element-d488cbe elementor-widget elementor-widget-heading\" data-id=\"d488cbe\" data-element_type=\"widget\" data-e-type=\"widget\" data-widget_type=\"heading.default\">\n\t\t\t\t<div class=\"elementor-widget-container\">\n\t\t\t\t\t<h1 class=\"elementor-heading-title elementor-size-default\">Doctor C\u00e9line Dandoy<\/h1>\t\t\t\t<\/div>\n\t\t\t\t<\/div>\n\t\t\t\t\t<\/div>\n\t\t<\/div>\n\t\t\t\t\t<\/div>\n\t\t<\/section>\n\t\t\t\t<section class=\"elementor-section elementor-top-section elementor-element elementor-element-5c1a7b2d elementor-section-boxed elementor-section-height-default elementor-section-height-default\" data-id=\"5c1a7b2d\" data-element_type=\"section\" data-e-type=\"section\">\n\t\t\t\t\t\t<div class=\"elementor-container elementor-column-gap-default\">\n\t\t\t\t\t<div class=\"elementor-column elementor-col-100 elementor-top-column elementor-element elementor-element-711ecf8b\" data-id=\"711ecf8b\" data-element_type=\"column\" data-e-type=\"column\">\n\t\t\t<div class=\"elementor-widget-wrap elementor-element-populated\">\n\t\t\t\t\t\t<section class=\"elementor-section elementor-inner-section elementor-element elementor-element-6e70c048 elementor-section-boxed elementor-section-height-default elementor-section-height-default\" data-id=\"6e70c048\" data-element_type=\"section\" data-e-type=\"section\">\n\t\t\t\t\t\t<div class=\"elementor-container elementor-column-gap-default\">\n\t\t\t\t\t<div class=\"elementor-column elementor-col-50 elementor-inner-column elementor-element elementor-element-2205caff\" data-id=\"2205caff\" data-element_type=\"column\" data-e-type=\"column\">\n\t\t\t<div class=\"elementor-widget-wrap elementor-element-populated\">\n\t\t\t\t\t\t<div class=\"elementor-element elementor-element-e2ba76 elementor-widget elementor-widget-image\" data-id=\"e2ba76\" data-element_type=\"widget\" data-e-type=\"widget\" data-widget_type=\"image.default\">\n\t\t\t\t<div class=\"elementor-widget-container\">\n\t\t\t\t\t\t\t\t\t\t\t\t\t\t\t<img fetchpriority=\"high\" decoding=\"async\" width=\"400\" height=\"513\" src=\"https:\/\/www.brussels-skin-center.be\/wp-content\/uploads\/2026\/03\/Dr-Celine-Dandoy-Dermatologue-au-Brussels-Skin-Center-2.jpg\" class=\"attachment-full size-full wp-image-12921\" alt=\"Dr. Celine Dandoy, dermatologist specialist in inflammatory diseases and in procedures\" srcset=\"https:\/\/www.brussels-skin-center.be\/wp-content\/uploads\/2026\/03\/Dr-Celine-Dandoy-Dermatologue-au-Brussels-Skin-Center-2.jpg 400w, https:\/\/www.brussels-skin-center.be\/wp-content\/uploads\/2026\/03\/Dr-Celine-Dandoy-Dermatologue-au-Brussels-Skin-Center-2-78x100.jpg 78w\" sizes=\"(max-width: 400px) 100vw, 400px\" \/>\t\t\t\t\t\t\t\t\t\t\t\t\t\t\t<\/div>\n\t\t\t\t<\/div>\n\t\t\t\t\t<\/div>\n\t\t<\/div>\n\t\t\t\t<div class=\"elementor-column elementor-col-50 elementor-inner-column elementor-element elementor-element-103c66fa\" data-id=\"103c66fa\" data-element_type=\"column\" data-e-type=\"column\">\n\t\t\t<div class=\"elementor-widget-wrap elementor-element-populated\">\n\t\t\t\t\t\t<div class=\"elementor-element elementor-element-4978627b elementor-widget elementor-widget-heading\" data-id=\"4978627b\" data-element_type=\"widget\" data-e-type=\"widget\" data-widget_type=\"heading.default\">\n\t\t\t\t<div class=\"elementor-widget-container\">\n\t\t\t\t\t<h2 class=\"elementor-heading-title elementor-size-default\">Fields of expertise of Dr. C\u00e9line Dandoy<\/h2>\t\t\t\t<\/div>\n\t\t\t\t<\/div>\n\t\t\t\t<div class=\"elementor-element elementor-element-66a4a335 elementor-widget elementor-widget-text-editor\" data-id=\"66a4a335\" data-element_type=\"widget\" data-e-type=\"widget\" data-widget_type=\"text-editor.default\">\n\t\t\t\t<div class=\"elementor-widget-container\">\n\t\t\t\t\t\t\t\t\t<ul><li>General Dermatology (all ages)<\/li><li>Dermatological surgery<\/li><\/ul>\t\t\t\t\t\t\t\t<\/div>\n\t\t\t\t<\/div>\n\t\t\t\t<div class=\"elementor-element elementor-element-779ca971 elementor-widget elementor-widget-heading\" data-id=\"779ca971\" data-element_type=\"widget\" data-e-type=\"widget\" data-widget_type=\"heading.default\">\n\t\t\t\t<div class=\"elementor-widget-container\">\n\t\t\t\t\t<h2 class=\"elementor-heading-title elementor-size-default\">Specializations in general dermatology<\/h2>\t\t\t\t<\/div>\n\t\t\t\t<\/div>\n\t\t\t\t<div class=\"elementor-element elementor-element-899bdb9 elementor-widget elementor-widget-text-editor\" data-id=\"899bdb9\" data-element_type=\"widget\" data-e-type=\"widget\" data-widget_type=\"text-editor.default\">\n\t\t\t\t<div class=\"elementor-widget-container\">\n\t\t\t\t\t\t\t\t\t<ul><li>Inflammatory skin conditions<\/li><li>Psoriasis<\/li><li>Skin cancer<\/li><\/ul>\t\t\t\t\t\t\t\t<\/div>\n\t\t\t\t<\/div>\n\t\t\t\t\t<\/div>\n\t\t<\/div>\n\t\t\t\t\t<\/div>\n\t\t<\/section>\n\t\t\t\t\t<\/div>\n\t\t<\/div>\n\t\t\t\t\t<\/div>\n\t\t<\/section>\n\t\t\t\t<section class=\"elementor-section elementor-top-section elementor-element elementor-element-29a7633f elementor-section-boxed elementor-section-height-default elementor-section-height-default\" data-id=\"29a7633f\" data-element_type=\"section\" data-e-type=\"section\">\n\t\t\t\t\t\t<div class=\"elementor-container elementor-column-gap-default\">\n\t\t\t\t\t<div class=\"elementor-column elementor-col-100 elementor-top-column elementor-element elementor-element-113fd699\" data-id=\"113fd699\" data-element_type=\"column\" data-e-type=\"column\">\n\t\t\t<div class=\"elementor-widget-wrap elementor-element-populated\">\n\t\t\t\t\t\t<div class=\"elementor-element elementor-element-11d84e94 elementor-widget elementor-widget-heading\" data-id=\"11d84e94\" data-element_type=\"widget\" data-e-type=\"widget\" data-widget_type=\"heading.default\">\n\t\t\t\t<div class=\"elementor-widget-container\">\n\t\t\t\t\t<h2 class=\"elementor-heading-title elementor-size-default\">Learn more about Dr. Dandoy<\/h2>\t\t\t\t<\/div>\n\t\t\t\t<\/div>\n\t\t\t\t<div class=\"elementor-element elementor-element-4144f822 elementor-widget elementor-widget-text-editor\" data-id=\"4144f822\" data-element_type=\"widget\" data-e-type=\"widget\" data-widget_type=\"text-editor.default\">\n\t\t\t\t<div class=\"elementor-widget-container\">\n\t\t\t\t\t\t\t\t\t<p style=\"text-align: center;\">Dr. C\u00e9line Dandoy is a dermatologist in Brussels and a graduate of the Universit\u00e9 Libre de Bruxelles. She completed her training at Erasme Hospital (Brussels) and Ambroise Par\u00e9 Hospital (Mons), and is currently serving as a dermatologist at H\u00f4pital Universitaire de Bruxelles (HUB).<\/p><p style=\"text-align: center;\">She specializes in the management of psoriasis, having established a registry dedicated to this condition and is actively participating in clinical studies. She is also developing expertise in inflammatory skin diseases, working closely with internal medicine specialists and experts in inflammatory bowel diseases.<\/p><p style=\"text-align: center;\">Trained in dermatologic surgery under plastic surgeons, she performs surgeries for skin cancers, cysts, lipomas, Verneuil\u2019s disease, and nail conditions. She completed her training with a fellowship in Mohs surgery at Ambroise-Par\u00e9 Hospital (AP-HP, Paris) and with an interuniversity diploma in dermatosurgery (University of Versailles), and an interuniversity diploma in the dermatological manifestations of systemic diseases (University of Montpellier).<\/p><p style=\"text-align: center;\">She is a member of the Royal Belgian Society of Dermatology and Venerology (RSBDV), and the European Academy of Dermatology and Venereology (EADV), and the Surgical Group of the Soci\u00e9t\u00e9 Fran\u00e7aise de Dermatologie (SFD).<\/p>\t\t\t\t\t\t\t\t<\/div>\n\t\t\t\t<\/div>\n\t\t\t\t\t<\/div>\n\t\t<\/div>\n\t\t\t\t\t<\/div>\n\t\t<\/section>\n\t\t\t\t<section class=\"elementor-section elementor-top-section elementor-element elementor-element-4f12f738 elementor-section-boxed elementor-section-height-default elementor-section-height-default\" data-id=\"4f12f738\" data-element_type=\"section\" data-e-type=\"section\">\n\t\t\t\t\t\t<div class=\"elementor-container elementor-column-gap-default\">\n\t\t\t\t\t<div class=\"elementor-column elementor-col-100 elementor-top-column elementor-element elementor-element-5c1e7d21\" data-id=\"5c1e7d21\" data-element_type=\"column\" data-e-type=\"column\">\n\t\t\t<div class=\"elementor-widget-wrap elementor-element-populated\">\n\t\t\t\t\t\t<div class=\"elementor-element elementor-element-525064cf elementor-widget elementor-widget-heading\" data-id=\"525064cf\" data-element_type=\"widget\" data-e-type=\"widget\" data-widget_type=\"heading.default\">\n\t\t\t\t<div class=\"elementor-widget-container\">\n\t\t\t\t\t<h2 class=\"elementor-heading-title elementor-size-default\">Your appointment with Dr. C\u00e9line Dandoy<\/h2>\t\t\t\t<\/div>\n\t\t\t\t<\/div>\n\t\t\t\t<div class=\"elementor-element elementor-element-17cf1638 elementor-widget elementor-widget-text-editor\" data-id=\"17cf1638\" data-element_type=\"widget\" data-e-type=\"widget\" data-widget_type=\"text-editor.default\">\n\t\t\t\t<div class=\"elementor-widget-container\">\n\t\t\t\t\t\t\t\t\t<p style=\"text-align: center;\">Dr. C\u00e9line Dandoy welcomes you in the Brussels Skin Center in Ixelles for consultations in French, English, and Mandarin.<\/p><p style=\"text-align: center;\">The cost of a consultation is \u20ac90, excluding any additional fees (procedures, etc.). She is not covered by insurance at the Brussels Skin Center.<\/p>\t\t\t\t\t\t\t\t<\/div>\n\t\t\t\t<\/div>\n\t\t\t\t\t<\/div>\n\t\t<\/div>\n\t\t\t\t\t<\/div>\n\t\t<\/section>\n\t\t\t\t<section class=\"elementor-section elementor-top-section elementor-element elementor-element-65e43957 elementor-section-boxed elementor-section-height-default elementor-section-height-default\" data-id=\"65e43957\" data-element_type=\"section\" data-e-type=\"section\">\n\t\t\t\t\t\t<div class=\"elementor-container elementor-column-gap-default\">\n\t\t\t\t\t<div class=\"elementor-column elementor-col-50 elementor-top-column elementor-element elementor-element-7680e1eb\" data-id=\"7680e1eb\" data-element_type=\"column\" data-e-type=\"column\">\n\t\t\t<div class=\"elementor-widget-wrap elementor-element-populated\">\n\t\t\t\t\t\t<div class=\"elementor-element elementor-element-7939403d elementor-align-center elementor-widget elementor-widget-button\" data-id=\"7939403d\" data-element_type=\"widget\" data-e-type=\"widget\" data-widget_type=\"button.default\">\n\t\t\t\t<div class=\"elementor-widget-container\">\n\t\t\t\t\t\t\t\t\t<div class=\"elementor-button-wrapper\">\n\t\t\t\t\t<a class=\"elementor-button elementor-button-link elementor-size-sm\" href=\"\">\n\t\t\t\t\t\t<span class=\"elementor-button-content-wrapper\">\n\t\t\t\t\t\t\t\t\t<span class=\"elementor-button-text\">The BSC's team<\/span>\n\t\t\t\t\t<\/span>\n\t\t\t\t\t<\/a>\n\t\t\t\t<\/div>\n\t\t\t\t\t\t\t\t<\/div>\n\t\t\t\t<\/div>\n\t\t\t\t\t<\/div>\n\t\t<\/div>\n\t\t\t\t<div class=\"elementor-column elementor-col-50 elementor-top-column elementor-element elementor-element-384834e3\" data-id=\"384834e3\" data-element_type=\"column\" data-e-type=\"column\">\n\t\t\t<div class=\"elementor-widget-wrap elementor-element-populated\">\n\t\t\t\t\t\t<div class=\"elementor-element elementor-element-1324fcc5 elementor-align-center elementor-widget elementor-widget-button\" data-id=\"1324fcc5\" data-element_type=\"widget\" data-e-type=\"widget\" data-widget_type=\"button.default\">\n\t\t\t\t<div class=\"elementor-widget-container\">\n\t\t\t\t\t\t\t\t\t<div class=\"elementor-button-wrapper\">\n\t\t\t\t\t<a class=\"elementor-button elementor-button-link elementor-size-sm\" href=\"\">\n\t\t\t\t\t\t<span class=\"elementor-button-content-wrapper\">\n\t\t\t\t\t\t<span class=\"elementor-button-icon\">\n\t\t\t\t<i aria-hidden=\"true\" class=\"far fa-calendar-alt\"><\/i>\t\t\t<\/span>\n\t\t\t\t\t\t\t\t\t<span class=\"elementor-button-text\">Schedule an appointement<\/span>\n\t\t\t\t\t<\/span>\n\t\t\t\t\t<\/a>\n\t\t\t\t<\/div>\n\t\t\t\t\t\t\t\t<\/div>\n\t\t\t\t<\/div>\n\t\t\t\t\t<\/div>\n\t\t<\/div>\n\t\t\t\t\t<\/div>\n\t\t<\/section>\n\t\t\t\t<\/div>\n\t\t","protected":false},"excerpt":{"rendered":"<p>Doctor C\u00e9line Dandoy Fields of expertise of Dr. C\u00e9line Dandoy General Dermatology (all ages) Dermatological surgery Specializations in general dermatology Inflammatory skin conditions Psoriasis Skin cancer Learn more about Dr. Dandoy Dr. C\u00e9line Dandoy is a dermatologist in Brussels and a graduate of the Universit\u00e9 Libre de Bruxelles. She completed her training at Erasme Hospital (Brussels) and Ambroise Par\u00e9 Hospital (Mons), and is currently serving as a dermatologist at H\u00f4pital Universitaire de Bruxelles (HUB). She specializes in the management of psoriasis, having established a registry dedicated to this condition and is actively participating in clinical studies. She is also developing&hellip; <\/p>\n","protected":false},"author":6,"featured_media":0,"parent":51,"menu_order":0,"comment_status":"closed","ping_status":"closed","template":"","meta":{"footnotes":""},"class_list":["post-12945","page","type-page","status-publish","hentry"],"yoast_head":"<!-- This site is optimized with the Yoast SEO Premium plugin v26.3 (Yoast SEO v27.4) - https:\/\/yoast.com\/product\/yoast-seo-premium-wordpress\/ -->\n<title>Doctor C\u00e9line Dandoy - Brussels Skin Center<\/title>\n<meta name=\"description\" content=\"Dr. C\u00e9line Dandoy is a dermatologist at the BSC. She is specialized in inflammatory skin diseases and dermatological surgery.\" \/>\n<meta name=\"robots\" content=\"index, follow, max-snippet:-1, max-image-preview:large, max-video-preview:-1\" \/>\n<link rel=\"canonical\" href=\"https:\/\/www.brussels-skin-center.be\/en\/your-dermatologist-in-brussels\/doctor-celine-dandoy\/\" \/>\n<meta property=\"og:locale\" content=\"en_US\" \/>\n<meta property=\"og:type\" content=\"article\" \/>\n<meta property=\"og:title\" content=\"Doctor C\u00e9line Dandoy\" \/>\n<meta property=\"og:description\" content=\"Doctor C\u00e9line Dandoy Fields of expertise of Dr. C\u00e9line Dandoy General Dermatology (all ages)Dermatological surgery Specializations in general dermatology\" \/>\n<meta property=\"og:url\" content=\"https:\/\/www.brussels-skin-center.be\/en\/your-dermatologist-in-brussels\/doctor-celine-dandoy\/\" \/>\n<meta property=\"og:site_name\" content=\"Brussels Skin Center\" \/>\n<meta property=\"article:publisher\" content=\"https:\/\/www.facebook.com\/brusselsskincenter\/\" \/>\n<meta property=\"article:modified_time\" content=\"2026-03-26T12:49:07+00:00\" \/>\n<meta property=\"og:image\" content=\"https:\/\/www.brussels-skin-center.be\/wp-content\/uploads\/2026\/03\/Dr-Celine-Dandoy-Dermatologue-au-Brussels-Skin-Center-2.jpg\" \/>\n\t<meta property=\"og:image:width\" content=\"400\" \/>\n\t<meta property=\"og:image:height\" content=\"513\" \/>\n\t<meta property=\"og:image:type\" content=\"image\/jpeg\" \/>\n<meta name=\"twitter:label1\" content=\"Est. reading time\" \/>\n\t<meta name=\"twitter:data1\" content=\"2 minutes\" \/>\n<script type=\"application\/ld+json\" class=\"yoast-schema-graph\">{\"@context\":\"https:\\\/\\\/schema.org\",\"@graph\":[{\"@type\":\"WebPage\",\"@id\":\"https:\\\/\\\/www.brussels-skin-center.be\\\/en\\\/your-dermatologist-in-brussels\\\/doctor-celine-dandoy\\\/\",\"url\":\"https:\\\/\\\/www.brussels-skin-center.be\\\/en\\\/your-dermatologist-in-brussels\\\/doctor-celine-dandoy\\\/\",\"name\":\"Doctor C\u00e9line Dandoy - Brussels Skin Center\",\"isPartOf\":{\"@id\":\"https:\\\/\\\/www.brussels-skin-center.be\\\/en\\\/#website\"},\"primaryImageOfPage\":{\"@id\":\"https:\\\/\\\/www.brussels-skin-center.be\\\/en\\\/your-dermatologist-in-brussels\\\/doctor-celine-dandoy\\\/#primaryimage\"},\"image\":{\"@id\":\"https:\\\/\\\/www.brussels-skin-center.be\\\/en\\\/your-dermatologist-in-brussels\\\/doctor-celine-dandoy\\\/#primaryimage\"},\"thumbnailUrl\":\"https:\\\/\\\/www.brussels-skin-center.be\\\/wp-content\\\/uploads\\\/2026\\\/03\\\/Dr-Celine-Dandoy-Dermatologue-au-Brussels-Skin-Center-2.jpg\",\"datePublished\":\"2026-03-26T12:38:30+00:00\",\"dateModified\":\"2026-03-26T12:49:07+00:00\",\"description\":\"Dr. C\u00e9line Dandoy is a dermatologist at the BSC. She is specialized in inflammatory skin diseases and dermatological surgery.\",\"breadcrumb\":{\"@id\":\"https:\\\/\\\/www.brussels-skin-center.be\\\/en\\\/your-dermatologist-in-brussels\\\/doctor-celine-dandoy\\\/#breadcrumb\"},\"inLanguage\":\"en-US\",\"potentialAction\":[{\"@type\":\"ReadAction\",\"target\":[\"https:\\\/\\\/www.brussels-skin-center.be\\\/en\\\/your-dermatologist-in-brussels\\\/doctor-celine-dandoy\\\/\"]}]},{\"@type\":\"ImageObject\",\"inLanguage\":\"en-US\",\"@id\":\"https:\\\/\\\/www.brussels-skin-center.be\\\/en\\\/your-dermatologist-in-brussels\\\/doctor-celine-dandoy\\\/#primaryimage\",\"url\":\"https:\\\/\\\/www.brussels-skin-center.be\\\/wp-content\\\/uploads\\\/2026\\\/03\\\/Dr-Celine-Dandoy-Dermatologue-au-Brussels-Skin-Center-2.jpg\",\"contentUrl\":\"https:\\\/\\\/www.brussels-skin-center.be\\\/wp-content\\\/uploads\\\/2026\\\/03\\\/Dr-Celine-Dandoy-Dermatologue-au-Brussels-Skin-Center-2.jpg\"},{\"@type\":\"BreadcrumbList\",\"@id\":\"https:\\\/\\\/www.brussels-skin-center.be\\\/en\\\/your-dermatologist-in-brussels\\\/doctor-celine-dandoy\\\/#breadcrumb\",\"itemListElement\":[{\"@type\":\"ListItem\",\"position\":1,\"name\":\"Home\",\"item\":\"https:\\\/\\\/www.brussels-skin-center.be\\\/en\\\/\"},{\"@type\":\"ListItem\",\"position\":2,\"name\":\"Your dermatologist in Brussels\",\"item\":\"https:\\\/\\\/www.brussels-skin-center.be\\\/en\\\/your-dermatologist-in-brussels\\\/\"},{\"@type\":\"ListItem\",\"position\":3,\"name\":\"Doctor C\u00e9line Dandoy\"}]},{\"@type\":\"WebSite\",\"@id\":\"https:\\\/\\\/www.brussels-skin-center.be\\\/en\\\/#website\",\"url\":\"https:\\\/\\\/www.brussels-skin-center.be\\\/en\\\/\",\"name\":\"Brussels Skin Center\",\"description\":\"Dermatologie - Dermatology\",\"publisher\":{\"@id\":\"https:\\\/\\\/www.brussels-skin-center.be\\\/en\\\/#organization\"},\"potentialAction\":[{\"@type\":\"SearchAction\",\"target\":{\"@type\":\"EntryPoint\",\"urlTemplate\":\"https:\\\/\\\/www.brussels-skin-center.be\\\/en\\\/?s={search_term_string}\"},\"query-input\":{\"@type\":\"PropertyValueSpecification\",\"valueRequired\":true,\"valueName\":\"search_term_string\"}}],\"inLanguage\":\"en-US\"},{\"@type\":\"Organization\",\"@id\":\"https:\\\/\\\/www.brussels-skin-center.be\\\/en\\\/#organization\",\"name\":\"Brussels Skin Center\",\"url\":\"https:\\\/\\\/www.brussels-skin-center.be\\\/en\\\/\",\"logo\":{\"@type\":\"ImageObject\",\"inLanguage\":\"en-US\",\"@id\":\"https:\\\/\\\/www.brussels-skin-center.be\\\/en\\\/#\\\/schema\\\/logo\\\/image\\\/\",\"url\":\"https:\\\/\\\/www.brussels-skin-center.be\\\/wp-content\\\/uploads\\\/2022\\\/03\\\/BSC_logo-2.png\",\"contentUrl\":\"https:\\\/\\\/www.brussels-skin-center.be\\\/wp-content\\\/uploads\\\/2022\\\/03\\\/BSC_logo-2.png\",\"width\":512,\"height\":512,\"caption\":\"Brussels Skin Center\"},\"image\":{\"@id\":\"https:\\\/\\\/www.brussels-skin-center.be\\\/en\\\/#\\\/schema\\\/logo\\\/image\\\/\"},\"sameAs\":[\"https:\\\/\\\/www.facebook.com\\\/brusselsskincenter\\\/\",\"https:\\\/\\\/www.linkedin.com\\\/company\\\/brussels-skin-center\\\/\"]}]}<\/script>\n<!-- \/ Yoast SEO Premium plugin. -->","yoast_head_json":{"title":"Doctor C\u00e9line Dandoy - Brussels Skin Center","description":"Dr. C\u00e9line Dandoy is a dermatologist at the BSC. She is specialized in inflammatory skin diseases and dermatological surgery.","robots":{"index":"index","follow":"follow","max-snippet":"max-snippet:-1","max-image-preview":"max-image-preview:large","max-video-preview":"max-video-preview:-1"},"canonical":"https:\/\/www.brussels-skin-center.be\/en\/your-dermatologist-in-brussels\/doctor-celine-dandoy\/","og_locale":"en_US","og_type":"article","og_title":"Doctor C\u00e9line Dandoy","og_description":"Doctor C\u00e9line Dandoy Fields of expertise of Dr. C\u00e9line Dandoy General Dermatology (all ages)Dermatological surgery Specializations in general dermatology","og_url":"https:\/\/www.brussels-skin-center.be\/en\/your-dermatologist-in-brussels\/doctor-celine-dandoy\/","og_site_name":"Brussels Skin Center","article_publisher":"https:\/\/www.facebook.com\/brusselsskincenter\/","article_modified_time":"2026-03-26T12:49:07+00:00","og_image":[{"width":400,"height":513,"url":"https:\/\/www.brussels-skin-center.be\/wp-content\/uploads\/2026\/03\/Dr-Celine-Dandoy-Dermatologue-au-Brussels-Skin-Center-2.jpg","type":"image\/jpeg"}],"twitter_misc":{"Est. reading time":"2 minutes"},"schema":{"@context":"https:\/\/schema.org","@graph":[{"@type":"WebPage","@id":"https:\/\/www.brussels-skin-center.be\/en\/your-dermatologist-in-brussels\/doctor-celine-dandoy\/","url":"https:\/\/www.brussels-skin-center.be\/en\/your-dermatologist-in-brussels\/doctor-celine-dandoy\/","name":"Doctor C\u00e9line Dandoy - Brussels Skin Center","isPartOf":{"@id":"https:\/\/www.brussels-skin-center.be\/en\/#website"},"primaryImageOfPage":{"@id":"https:\/\/www.brussels-skin-center.be\/en\/your-dermatologist-in-brussels\/doctor-celine-dandoy\/#primaryimage"},"image":{"@id":"https:\/\/www.brussels-skin-center.be\/en\/your-dermatologist-in-brussels\/doctor-celine-dandoy\/#primaryimage"},"thumbnailUrl":"https:\/\/www.brussels-skin-center.be\/wp-content\/uploads\/2026\/03\/Dr-Celine-Dandoy-Dermatologue-au-Brussels-Skin-Center-2.jpg","datePublished":"2026-03-26T12:38:30+00:00","dateModified":"2026-03-26T12:49:07+00:00","description":"Dr. C\u00e9line Dandoy is a dermatologist at the BSC. She is specialized in inflammatory skin diseases and dermatological surgery.","breadcrumb":{"@id":"https:\/\/www.brussels-skin-center.be\/en\/your-dermatologist-in-brussels\/doctor-celine-dandoy\/#breadcrumb"},"inLanguage":"en-US","potentialAction":[{"@type":"ReadAction","target":["https:\/\/www.brussels-skin-center.be\/en\/your-dermatologist-in-brussels\/doctor-celine-dandoy\/"]}]},{"@type":"ImageObject","inLanguage":"en-US","@id":"https:\/\/www.brussels-skin-center.be\/en\/your-dermatologist-in-brussels\/doctor-celine-dandoy\/#primaryimage","url":"https:\/\/www.brussels-skin-center.be\/wp-content\/uploads\/2026\/03\/Dr-Celine-Dandoy-Dermatologue-au-Brussels-Skin-Center-2.jpg","contentUrl":"https:\/\/www.brussels-skin-center.be\/wp-content\/uploads\/2026\/03\/Dr-Celine-Dandoy-Dermatologue-au-Brussels-Skin-Center-2.jpg"},{"@type":"BreadcrumbList","@id":"https:\/\/www.brussels-skin-center.be\/en\/your-dermatologist-in-brussels\/doctor-celine-dandoy\/#breadcrumb","itemListElement":[{"@type":"ListItem","position":1,"name":"Home","item":"https:\/\/www.brussels-skin-center.be\/en\/"},{"@type":"ListItem","position":2,"name":"Your dermatologist in Brussels","item":"https:\/\/www.brussels-skin-center.be\/en\/your-dermatologist-in-brussels\/"},{"@type":"ListItem","position":3,"name":"Doctor C\u00e9line Dandoy"}]},{"@type":"WebSite","@id":"https:\/\/www.brussels-skin-center.be\/en\/#website","url":"https:\/\/www.brussels-skin-center.be\/en\/","name":"Brussels Skin Center","description":"Dermatologie - Dermatology","publisher":{"@id":"https:\/\/www.brussels-skin-center.be\/en\/#organization"},"potentialAction":[{"@type":"SearchAction","target":{"@type":"EntryPoint","urlTemplate":"https:\/\/www.brussels-skin-center.be\/en\/?s={search_term_string}"},"query-input":{"@type":"PropertyValueSpecification","valueRequired":true,"valueName":"search_term_string"}}],"inLanguage":"en-US"},{"@type":"Organization","@id":"https:\/\/www.brussels-skin-center.be\/en\/#organization","name":"Brussels Skin Center","url":"https:\/\/www.brussels-skin-center.be\/en\/","logo":{"@type":"ImageObject","inLanguage":"en-US","@id":"https:\/\/www.brussels-skin-center.be\/en\/#\/schema\/logo\/image\/","url":"https:\/\/www.brussels-skin-center.be\/wp-content\/uploads\/2022\/03\/BSC_logo-2.png","contentUrl":"https:\/\/www.brussels-skin-center.be\/wp-content\/uploads\/2022\/03\/BSC_logo-2.png","width":512,"height":512,"caption":"Brussels Skin Center"},"image":{"@id":"https:\/\/www.brussels-skin-center.be\/en\/#\/schema\/logo\/image\/"},"sameAs":["https:\/\/www.facebook.com\/brusselsskincenter\/","https:\/\/www.linkedin.com\/company\/brussels-skin-center\/"]}]}},"_links":{"self":[{"href":"https:\/\/www.brussels-skin-center.be\/en\/wp-json\/wp\/v2\/pages\/12945","targetHints":{"allow":["GET"]}}],"collection":[{"href":"https:\/\/www.brussels-skin-center.be\/en\/wp-json\/wp\/v2\/pages"}],"about":[{"href":"https:\/\/www.brussels-skin-center.be\/en\/wp-json\/wp\/v2\/types\/page"}],"author":[{"embeddable":true,"href":"https:\/\/www.brussels-skin-center.be\/en\/wp-json\/wp\/v2\/users\/6"}],"replies":[{"embeddable":true,"href":"https:\/\/www.brussels-skin-center.be\/en\/wp-json\/wp\/v2\/comments?post=12945"}],"version-history":[{"count":0,"href":"https:\/\/www.brussels-skin-center.be\/en\/wp-json\/wp\/v2\/pages\/12945\/revisions"}],"up":[{"embeddable":true,"href":"https:\/\/www.brussels-skin-center.be\/en\/wp-json\/wp\/v2\/pages\/51"}],"wp:attachment":[{"href":"https:\/\/www.brussels-skin-center.be\/en\/wp-json\/wp\/v2\/media?parent=12945"}],"curies":[{"name":"wp","href":"https:\/\/api.w.org\/{rel}","templated":true}]}}