{"id":12705,"date":"2026-03-15T22:40:19","date_gmt":"2026-03-15T21:40:19","guid":{"rendered":"https:\/\/www.brussels-skin-center.be\/?page_id=12705"},"modified":"2026-03-16T00:09:12","modified_gmt":"2026-03-15T23:09:12","slug":"professeur-bertrand-richert","status":"publish","type":"page","link":"https:\/\/www.brussels-skin-center.be\/fr\/votre-dermatologue-a-bruxelles\/professeur-bertrand-richert\/","title":{"rendered":"Professeur Bertrand Richert"},"content":{"rendered":"\t\t<div data-elementor-type=\"wp-page\" data-elementor-id=\"12705\" class=\"elementor elementor-12705\">\n\t\t\t\t\t\t<section class=\"elementor-section elementor-top-section elementor-element elementor-element-286fb051 elementor-section-boxed elementor-section-height-default elementor-section-height-default\" data-id=\"286fb051\" data-element_type=\"section\" data-e-type=\"section\">\n\t\t\t\t\t\t<div class=\"elementor-container elementor-column-gap-default\">\n\t\t\t\t\t<div class=\"elementor-column elementor-col-100 elementor-top-column elementor-element elementor-element-200dc762\" data-id=\"200dc762\" data-element_type=\"column\" data-e-type=\"column\">\n\t\t\t<div class=\"elementor-widget-wrap elementor-element-populated\">\n\t\t\t\t\t\t<div class=\"elementor-element elementor-element-3c0601e4 elementor-widget elementor-widget-heading\" data-id=\"3c0601e4\" data-element_type=\"widget\" data-e-type=\"widget\" data-widget_type=\"heading.default\">\n\t\t\t\t<div class=\"elementor-widget-container\">\n\t\t\t\t\t<h1 class=\"elementor-heading-title elementor-size-default\">Professeur Bertrand Richert <\/h1>\t\t\t\t<\/div>\n\t\t\t\t<\/div>\n\t\t\t\t\t<\/div>\n\t\t<\/div>\n\t\t\t\t\t<\/div>\n\t\t<\/section>\n\t\t\t\t<section class=\"elementor-section elementor-top-section elementor-element elementor-element-7eeeae2a elementor-section-boxed elementor-section-height-default elementor-section-height-default\" data-id=\"7eeeae2a\" data-element_type=\"section\" data-e-type=\"section\">\n\t\t\t\t\t\t<div class=\"elementor-container elementor-column-gap-default\">\n\t\t\t\t\t<div class=\"elementor-column elementor-col-100 elementor-top-column elementor-element elementor-element-4a5a9aa6\" data-id=\"4a5a9aa6\" data-element_type=\"column\" data-e-type=\"column\">\n\t\t\t<div class=\"elementor-widget-wrap elementor-element-populated\">\n\t\t\t\t\t\t<section class=\"elementor-section elementor-inner-section elementor-element elementor-element-134f4950 elementor-section-boxed elementor-section-height-default elementor-section-height-default\" data-id=\"134f4950\" data-element_type=\"section\" data-e-type=\"section\">\n\t\t\t\t\t\t<div class=\"elementor-container elementor-column-gap-default\">\n\t\t\t\t\t<div class=\"elementor-column elementor-col-50 elementor-inner-column elementor-element elementor-element-528ccbcc\" data-id=\"528ccbcc\" data-element_type=\"column\" data-e-type=\"column\">\n\t\t\t<div class=\"elementor-widget-wrap elementor-element-populated\">\n\t\t\t\t\t\t<div class=\"elementor-element elementor-element-3895edd7 elementor-widget elementor-widget-image\" data-id=\"3895edd7\" data-element_type=\"widget\" data-e-type=\"widget\" data-widget_type=\"image.default\">\n\t\t\t\t<div class=\"elementor-widget-container\">\n\t\t\t\t\t\t\t\t\t\t\t\t\t\t\t<img fetchpriority=\"high\" decoding=\"async\" width=\"400\" height=\"513\" src=\"https:\/\/www.brussels-skin-center.be\/wp-content\/uploads\/2026\/03\/Dr-Bertrand-Richert-dermatologist-au-Brussels-Skin-Center.jpg\" class=\"attachment-full size-full wp-image-12702\" alt=\"Dr Bertrand Richert, dermatologue, sp\u00e9cialiste des maladies des ongles et en chirurgie\" srcset=\"https:\/\/www.brussels-skin-center.be\/wp-content\/uploads\/2026\/03\/Dr-Bertrand-Richert-dermatologist-au-Brussels-Skin-Center.jpg 400w, https:\/\/www.brussels-skin-center.be\/wp-content\/uploads\/2026\/03\/Dr-Bertrand-Richert-dermatologist-au-Brussels-Skin-Center-78x100.jpg 78w\" sizes=\"(max-width: 400px) 100vw, 400px\" \/>\t\t\t\t\t\t\t\t\t\t\t\t\t\t\t<\/div>\n\t\t\t\t<\/div>\n\t\t\t\t\t<\/div>\n\t\t<\/div>\n\t\t\t\t<div class=\"elementor-column elementor-col-50 elementor-inner-column elementor-element elementor-element-661147b3\" data-id=\"661147b3\" data-element_type=\"column\" data-e-type=\"column\">\n\t\t\t<div class=\"elementor-widget-wrap elementor-element-populated\">\n\t\t\t\t\t\t<div class=\"elementor-element elementor-element-170e49a1 elementor-widget elementor-widget-heading\" data-id=\"170e49a1\" data-element_type=\"widget\" data-e-type=\"widget\" data-widget_type=\"heading.default\">\n\t\t\t\t<div class=\"elementor-widget-container\">\n\t\t\t\t\t<h2 class=\"elementor-heading-title elementor-size-default\">Domaines d\u2019expertise du Pr Bertrand Richert<\/h2>\t\t\t\t<\/div>\n\t\t\t\t<\/div>\n\t\t\t\t<div class=\"elementor-element elementor-element-1ccc772d elementor-widget elementor-widget-text-editor\" data-id=\"1ccc772d\" data-element_type=\"widget\" data-e-type=\"widget\" data-widget_type=\"text-editor.default\">\n\t\t\t\t<div class=\"elementor-widget-container\">\n\t\t\t\t\t\t\t\t\t<ul><li>Maladies des ongles<\/li><li>Chirurgie des ongles<\/li><li>Chirurgie dermatologique<\/li><\/ul>\t\t\t\t\t\t\t\t<\/div>\n\t\t\t\t<\/div>\n\t\t\t\t\t<\/div>\n\t\t<\/div>\n\t\t\t\t\t<\/div>\n\t\t<\/section>\n\t\t\t\t\t<\/div>\n\t\t<\/div>\n\t\t\t\t\t<\/div>\n\t\t<\/section>\n\t\t\t\t<section class=\"elementor-section elementor-top-section elementor-element elementor-element-3b183418 elementor-section-boxed elementor-section-height-default elementor-section-height-default\" data-id=\"3b183418\" data-element_type=\"section\" data-e-type=\"section\">\n\t\t\t\t\t\t<div class=\"elementor-container elementor-column-gap-default\">\n\t\t\t\t\t<div class=\"elementor-column elementor-col-100 elementor-top-column elementor-element elementor-element-6f315464\" data-id=\"6f315464\" data-element_type=\"column\" data-e-type=\"column\">\n\t\t\t<div class=\"elementor-widget-wrap elementor-element-populated\">\n\t\t\t\t\t\t<div class=\"elementor-element elementor-element-6bdfc9a7 elementor-widget elementor-widget-heading\" data-id=\"6bdfc9a7\" data-element_type=\"widget\" data-e-type=\"widget\" data-widget_type=\"heading.default\">\n\t\t\t\t<div class=\"elementor-widget-container\">\n\t\t\t\t\t<h2 class=\"elementor-heading-title elementor-size-default\">En savoir plus sur le Pr Richert<\/h2>\t\t\t\t<\/div>\n\t\t\t\t<\/div>\n\t\t\t\t<div class=\"elementor-element elementor-element-7d924703 elementor-widget elementor-widget-text-editor\" data-id=\"7d924703\" data-element_type=\"widget\" data-e-type=\"widget\" data-widget_type=\"text-editor.default\">\n\t\t\t\t<div class=\"elementor-widget-container\">\n\t\t\t\t\t\t\t\t\t<p style=\"text-align: center;\">Le\u00a0<strong>Professeur Bertrand Richert<\/strong> a \u00e9t\u00e9 form\u00e9 \u00e0 l\u2019ULB et \u00e0 l\u2019ULg. Il a enseign\u00e9 la dermatologie \u00e0 l\u2019Universit\u00e9 Libre de Bruxelles.<\/p><p style=\"text-align: center;\">Il a \u00e9t\u00e9 <strong>chef du service interhospitalier<\/strong> de dermatologie du CHU Saint Pierre, du CHU Brugmann et de l\u2019h\u00f4pital des Enfants (HUDERF).<\/p><p style=\"text-align: center;\">Il a d\u00e9velopp\u00e9 un tropisme tr\u00e8s particulier pour les <strong>maladies et la chirurgie des ongles<\/strong>, pour lesquels il a acquis une <strong>r\u00e9putation mondiale<\/strong>. Il dispense ses enseignements dans toutes les parties du globe. Il a <strong>\u00e9crit de tr\u00e8s nombreux articles et ouvrages scientifiques<\/strong>. Il a \u00e9t\u00e9\/est pr\u00e9sident de plusieurs soci\u00e9t\u00e9s savantes internationales.<\/p><p style=\"text-align: center;\">Aujourd\u2019hui,\u00a0le <strong>Pr. Bertrand Richert <\/strong>consulte au<strong> Brussels Skin Center <\/strong>et au CHU Brugmann<strong>,<\/strong> o\u00f9 il se consacre uniquement aux <strong>maladies des ongles, \u00e0 leur chirurgie et \u00e0 la chirurgie dermatologique <\/strong>en g\u00e9n\u00e9ral.<\/p>\t\t\t\t\t\t\t\t<\/div>\n\t\t\t\t<\/div>\n\t\t\t\t\t<\/div>\n\t\t<\/div>\n\t\t\t\t\t<\/div>\n\t\t<\/section>\n\t\t\t\t<section class=\"elementor-section elementor-top-section elementor-element elementor-element-28948667 elementor-section-boxed elementor-section-height-default elementor-section-height-default\" data-id=\"28948667\" data-element_type=\"section\" data-e-type=\"section\">\n\t\t\t\t\t\t<div class=\"elementor-container elementor-column-gap-default\">\n\t\t\t\t\t<div class=\"elementor-column elementor-col-100 elementor-top-column elementor-element elementor-element-15269e19\" data-id=\"15269e19\" data-element_type=\"column\" data-e-type=\"column\">\n\t\t\t<div class=\"elementor-widget-wrap elementor-element-populated\">\n\t\t\t\t\t\t<div class=\"elementor-element elementor-element-1f76d318 elementor-widget elementor-widget-heading\" data-id=\"1f76d318\" data-element_type=\"widget\" data-e-type=\"widget\" data-widget_type=\"heading.default\">\n\t\t\t\t<div class=\"elementor-widget-container\">\n\t\t\t\t\t<h2 class=\"elementor-heading-title elementor-size-default\">Votre rendez-vous avec le Pr Bertrand Richert<\/h2>\t\t\t\t<\/div>\n\t\t\t\t<\/div>\n\t\t\t\t<div class=\"elementor-element elementor-element-26927ce3 elementor-widget elementor-widget-text-editor\" data-id=\"26927ce3\" data-element_type=\"widget\" data-e-type=\"widget\" data-widget_type=\"text-editor.default\">\n\t\t\t\t<div class=\"elementor-widget-container\">\n\t\t\t\t\t\t\t\t\t<p style=\"text-align: center;\">Le Pr Bertrand Richert vous accueille au<strong>\u00a0Brussels Skin Center<\/strong> \u00e0 Ixelles en fran\u00e7ais et en anglais.<\/p><p style=\"text-align: center;\">Le\u00a0<strong>prix d\u2019une consultation avec le Pr Bertrand Richert s\u2019\u00e9l\u00e8ve \u00e0 \u20ac130<\/strong>, hors suppl\u00e9ments \u00e9ventuels (actes techniques, etc.).\u00a0<strong>Les paiements se font de pr\u00e9f\u00e9rence par carte bancaire.<\/strong>\u00a0Le <strong>Pr Richert est non-conventionn\u00e9<\/strong>\u00a0au sein du Brussels Skin Center.<\/p>\t\t\t\t\t\t\t\t<\/div>\n\t\t\t\t<\/div>\n\t\t\t\t\t<\/div>\n\t\t<\/div>\n\t\t\t\t\t<\/div>\n\t\t<\/section>\n\t\t\t\t<section class=\"elementor-section elementor-top-section elementor-element elementor-element-fed0077 elementor-section-boxed elementor-section-height-default elementor-section-height-default\" data-id=\"fed0077\" data-element_type=\"section\" data-e-type=\"section\">\n\t\t\t\t\t\t<div class=\"elementor-container elementor-column-gap-default\">\n\t\t\t\t\t<div class=\"elementor-column elementor-col-50 elementor-top-column elementor-element elementor-element-5f6800dd\" data-id=\"5f6800dd\" data-element_type=\"column\" data-e-type=\"column\">\n\t\t\t<div class=\"elementor-widget-wrap elementor-element-populated\">\n\t\t\t\t\t\t<div class=\"elementor-element elementor-element-3595339d elementor-align-center elementor-widget elementor-widget-button\" data-id=\"3595339d\" data-element_type=\"widget\" data-e-type=\"widget\" data-widget_type=\"button.default\">\n\t\t\t\t<div class=\"elementor-widget-container\">\n\t\t\t\t\t\t\t\t\t<div class=\"elementor-button-wrapper\">\n\t\t\t\t\t<a class=\"elementor-button elementor-button-link elementor-size-sm\" href=\"https:\/\/www.brussels-skin-center.be\/fr\/dermatologue-bruxelles\/\">\n\t\t\t\t\t\t<span class=\"elementor-button-content-wrapper\">\n\t\t\t\t\t\t\t\t\t<span class=\"elementor-button-text\">Voir l'\u00e9quipe du BSC<\/span>\n\t\t\t\t\t<\/span>\n\t\t\t\t\t<\/a>\n\t\t\t\t<\/div>\n\t\t\t\t\t\t\t\t<\/div>\n\t\t\t\t<\/div>\n\t\t\t\t\t<\/div>\n\t\t<\/div>\n\t\t\t\t<div class=\"elementor-column elementor-col-50 elementor-top-column elementor-element elementor-element-6482433e\" data-id=\"6482433e\" data-element_type=\"column\" data-e-type=\"column\">\n\t\t\t<div class=\"elementor-widget-wrap elementor-element-populated\">\n\t\t\t\t\t\t<div class=\"elementor-element elementor-element-7ce9f922 elementor-align-center elementor-widget elementor-widget-button\" data-id=\"7ce9f922\" data-element_type=\"widget\" data-e-type=\"widget\" data-widget_type=\"button.default\">\n\t\t\t\t<div class=\"elementor-widget-container\">\n\t\t\t\t\t\t\t\t\t<div class=\"elementor-button-wrapper\">\n\t\t\t\t\t<a class=\"elementor-button elementor-button-link elementor-size-sm\" href=\"https:\/\/www.brussels-skin-center.be\/fr\/rendez-vous\/\">\n\t\t\t\t\t\t<span class=\"elementor-button-content-wrapper\">\n\t\t\t\t\t\t<span class=\"elementor-button-icon\">\n\t\t\t\t<i aria-hidden=\"true\" class=\"far fa-calendar-alt\"><\/i>\t\t\t<\/span>\n\t\t\t\t\t\t\t\t\t<span class=\"elementor-button-text\">Prendre rendez-vous<\/span>\n\t\t\t\t\t<\/span>\n\t\t\t\t\t<\/a>\n\t\t\t\t<\/div>\n\t\t\t\t\t\t\t\t<\/div>\n\t\t\t\t<\/div>\n\t\t\t\t\t<\/div>\n\t\t<\/div>\n\t\t\t\t\t<\/div>\n\t\t<\/section>\n\t\t\t\t<\/div>\n\t\t","protected":false},"excerpt":{"rendered":"<p>Professeur Bertrand Richert Domaines d\u2019expertise du Pr Bertrand Richert Maladies des ongles Chirurgie des ongles Chirurgie dermatologique En savoir plus sur le Pr Richert Le\u00a0Professeur Bertrand Richert a \u00e9t\u00e9 form\u00e9 \u00e0 l\u2019ULB et \u00e0 l\u2019ULg. Il a enseign\u00e9 la dermatologie \u00e0 l\u2019Universit\u00e9 Libre de Bruxelles. Il a \u00e9t\u00e9 chef du service interhospitalier de dermatologie du CHU Saint Pierre, du CHU Brugmann et de l\u2019h\u00f4pital des Enfants (HUDERF). Il a d\u00e9velopp\u00e9 un tropisme tr\u00e8s particulier pour les maladies et la chirurgie des ongles, pour lesquels il a acquis une r\u00e9putation mondiale. Il dispense ses enseignements dans toutes les parties du globe.&hellip; <\/p>\n","protected":false},"author":6,"featured_media":0,"parent":47,"menu_order":0,"comment_status":"closed","ping_status":"closed","template":"","meta":{"footnotes":""},"class_list":["post-12705","page","type-page","status-publish","hentry"],"yoast_head":"<!-- This site is optimized with the Yoast SEO Premium plugin v26.3 (Yoast SEO v27.4) - https:\/\/yoast.com\/product\/yoast-seo-premium-wordpress\/ -->\n<title>Professeur Bertrand Richert - Brussels Skin Center<\/title>\n<meta name=\"description\" content=\"Pr. Bertrand Richert consulte au BSC o\u00f9 il se consacre aux maladies des ongles, \u00e0 leur chirurgie et \u00e0 la chirurgie dermatologique en g\u00e9n\u00e9ral.\" \/>\n<meta name=\"robots\" content=\"index, follow, max-snippet:-1, max-image-preview:large, max-video-preview:-1\" \/>\n<link rel=\"canonical\" href=\"https:\/\/www.brussels-skin-center.be\/fr\/votre-dermatologue-a-bruxelles\/professeur-bertrand-richert\/\" \/>\n<meta property=\"og:locale\" content=\"fr_FR\" \/>\n<meta property=\"og:type\" content=\"article\" \/>\n<meta property=\"og:title\" content=\"Professeur Bertrand Richert\" \/>\n<meta property=\"og:description\" content=\"Professeur Bertrand Richert Domaines d\u2019expertise du Pr Bertrand Richert Maladies des onglesChirurgie des onglesChirurgie dermatologique En savoir plus sur\" \/>\n<meta property=\"og:url\" content=\"https:\/\/www.brussels-skin-center.be\/fr\/votre-dermatologue-a-bruxelles\/professeur-bertrand-richert\/\" \/>\n<meta property=\"og:site_name\" content=\"Brussels Skin Center\" \/>\n<meta property=\"article:publisher\" content=\"https:\/\/www.facebook.com\/brusselsskincenter\/\" \/>\n<meta property=\"article:modified_time\" content=\"2026-03-15T23:09:12+00:00\" \/>\n<meta property=\"og:image\" content=\"https:\/\/www.brussels-skin-center.be\/wp-content\/uploads\/2026\/03\/Dr-Bertrand-Richert-dermatologist-au-Brussels-Skin-Center.jpg\" \/>\n<meta name=\"twitter:label1\" content=\"Dur\u00e9e de lecture estim\u00e9e\" \/>\n\t<meta name=\"twitter:data1\" content=\"2 minutes\" \/>\n<script type=\"application\/ld+json\" class=\"yoast-schema-graph\">{\"@context\":\"https:\\\/\\\/schema.org\",\"@graph\":[{\"@type\":\"WebPage\",\"@id\":\"https:\\\/\\\/www.brussels-skin-center.be\\\/fr\\\/votre-dermatologue-a-bruxelles\\\/professeur-bertrand-richert\\\/\",\"url\":\"https:\\\/\\\/www.brussels-skin-center.be\\\/fr\\\/votre-dermatologue-a-bruxelles\\\/professeur-bertrand-richert\\\/\",\"name\":\"Professeur Bertrand Richert - Brussels Skin Center\",\"isPartOf\":{\"@id\":\"https:\\\/\\\/www.brussels-skin-center.be\\\/fr\\\/#website\"},\"primaryImageOfPage\":{\"@id\":\"https:\\\/\\\/www.brussels-skin-center.be\\\/fr\\\/votre-dermatologue-a-bruxelles\\\/professeur-bertrand-richert\\\/#primaryimage\"},\"image\":{\"@id\":\"https:\\\/\\\/www.brussels-skin-center.be\\\/fr\\\/votre-dermatologue-a-bruxelles\\\/professeur-bertrand-richert\\\/#primaryimage\"},\"thumbnailUrl\":\"https:\\\/\\\/www.brussels-skin-center.be\\\/wp-content\\\/uploads\\\/2026\\\/03\\\/Dr-Bertrand-Richert-dermatologist-au-Brussels-Skin-Center.jpg\",\"datePublished\":\"2026-03-15T21:40:19+00:00\",\"dateModified\":\"2026-03-15T23:09:12+00:00\",\"description\":\"Pr. Bertrand Richert consulte au BSC o\u00f9 il se consacre aux maladies des ongles, \u00e0 leur chirurgie et \u00e0 la chirurgie dermatologique en g\u00e9n\u00e9ral.\",\"breadcrumb\":{\"@id\":\"https:\\\/\\\/www.brussels-skin-center.be\\\/fr\\\/votre-dermatologue-a-bruxelles\\\/professeur-bertrand-richert\\\/#breadcrumb\"},\"inLanguage\":\"fr-FR\",\"potentialAction\":[{\"@type\":\"ReadAction\",\"target\":[\"https:\\\/\\\/www.brussels-skin-center.be\\\/fr\\\/votre-dermatologue-a-bruxelles\\\/professeur-bertrand-richert\\\/\"]}]},{\"@type\":\"ImageObject\",\"inLanguage\":\"fr-FR\",\"@id\":\"https:\\\/\\\/www.brussels-skin-center.be\\\/fr\\\/votre-dermatologue-a-bruxelles\\\/professeur-bertrand-richert\\\/#primaryimage\",\"url\":\"https:\\\/\\\/www.brussels-skin-center.be\\\/wp-content\\\/uploads\\\/2026\\\/03\\\/Dr-Bertrand-Richert-dermatologist-au-Brussels-Skin-Center.jpg\",\"contentUrl\":\"https:\\\/\\\/www.brussels-skin-center.be\\\/wp-content\\\/uploads\\\/2026\\\/03\\\/Dr-Bertrand-Richert-dermatologist-au-Brussels-Skin-Center.jpg\"},{\"@type\":\"BreadcrumbList\",\"@id\":\"https:\\\/\\\/www.brussels-skin-center.be\\\/fr\\\/votre-dermatologue-a-bruxelles\\\/professeur-bertrand-richert\\\/#breadcrumb\",\"itemListElement\":[{\"@type\":\"ListItem\",\"position\":1,\"name\":\"Home\",\"item\":\"https:\\\/\\\/www.brussels-skin-center.be\\\/fr\\\/\"},{\"@type\":\"ListItem\",\"position\":2,\"name\":\"Votre dermatologue \u00e0 Bruxelles\",\"item\":\"https:\\\/\\\/www.brussels-skin-center.be\\\/fr\\\/votre-dermatologue-a-bruxelles\\\/\"},{\"@type\":\"ListItem\",\"position\":3,\"name\":\"Professeur Bertrand Richert\"}]},{\"@type\":\"WebSite\",\"@id\":\"https:\\\/\\\/www.brussels-skin-center.be\\\/fr\\\/#website\",\"url\":\"https:\\\/\\\/www.brussels-skin-center.be\\\/fr\\\/\",\"name\":\"Brussels Skin Center\",\"description\":\"Dermatologie - Dermatology\",\"publisher\":{\"@id\":\"https:\\\/\\\/www.brussels-skin-center.be\\\/fr\\\/#organization\"},\"potentialAction\":[{\"@type\":\"SearchAction\",\"target\":{\"@type\":\"EntryPoint\",\"urlTemplate\":\"https:\\\/\\\/www.brussels-skin-center.be\\\/fr\\\/?s={search_term_string}\"},\"query-input\":{\"@type\":\"PropertyValueSpecification\",\"valueRequired\":true,\"valueName\":\"search_term_string\"}}],\"inLanguage\":\"fr-FR\"},{\"@type\":\"Organization\",\"@id\":\"https:\\\/\\\/www.brussels-skin-center.be\\\/fr\\\/#organization\",\"name\":\"Brussels Skin Center\",\"url\":\"https:\\\/\\\/www.brussels-skin-center.be\\\/fr\\\/\",\"logo\":{\"@type\":\"ImageObject\",\"inLanguage\":\"fr-FR\",\"@id\":\"https:\\\/\\\/www.brussels-skin-center.be\\\/fr\\\/#\\\/schema\\\/logo\\\/image\\\/\",\"url\":\"https:\\\/\\\/www.brussels-skin-center.be\\\/wp-content\\\/uploads\\\/2022\\\/03\\\/BSC_logo-2.png\",\"contentUrl\":\"https:\\\/\\\/www.brussels-skin-center.be\\\/wp-content\\\/uploads\\\/2022\\\/03\\\/BSC_logo-2.png\",\"width\":512,\"height\":512,\"caption\":\"Brussels Skin Center\"},\"image\":{\"@id\":\"https:\\\/\\\/www.brussels-skin-center.be\\\/fr\\\/#\\\/schema\\\/logo\\\/image\\\/\"},\"sameAs\":[\"https:\\\/\\\/www.facebook.com\\\/brusselsskincenter\\\/\",\"https:\\\/\\\/www.linkedin.com\\\/company\\\/brussels-skin-center\\\/\"]}]}<\/script>\n<!-- \/ Yoast SEO Premium plugin. -->","yoast_head_json":{"title":"Professeur Bertrand Richert - Brussels Skin Center","description":"Pr. Bertrand Richert consulte au BSC o\u00f9 il se consacre aux maladies des ongles, \u00e0 leur chirurgie et \u00e0 la chirurgie dermatologique en g\u00e9n\u00e9ral.","robots":{"index":"index","follow":"follow","max-snippet":"max-snippet:-1","max-image-preview":"max-image-preview:large","max-video-preview":"max-video-preview:-1"},"canonical":"https:\/\/www.brussels-skin-center.be\/fr\/votre-dermatologue-a-bruxelles\/professeur-bertrand-richert\/","og_locale":"fr_FR","og_type":"article","og_title":"Professeur Bertrand Richert","og_description":"Professeur Bertrand Richert Domaines d\u2019expertise du Pr Bertrand Richert Maladies des onglesChirurgie des onglesChirurgie dermatologique En savoir plus sur","og_url":"https:\/\/www.brussels-skin-center.be\/fr\/votre-dermatologue-a-bruxelles\/professeur-bertrand-richert\/","og_site_name":"Brussels Skin Center","article_publisher":"https:\/\/www.facebook.com\/brusselsskincenter\/","article_modified_time":"2026-03-15T23:09:12+00:00","og_image":[{"url":"https:\/\/www.brussels-skin-center.be\/wp-content\/uploads\/2026\/03\/Dr-Bertrand-Richert-dermatologist-au-Brussels-Skin-Center.jpg","type":"","width":"","height":""}],"twitter_misc":{"Dur\u00e9e de lecture estim\u00e9e":"2 minutes"},"schema":{"@context":"https:\/\/schema.org","@graph":[{"@type":"WebPage","@id":"https:\/\/www.brussels-skin-center.be\/fr\/votre-dermatologue-a-bruxelles\/professeur-bertrand-richert\/","url":"https:\/\/www.brussels-skin-center.be\/fr\/votre-dermatologue-a-bruxelles\/professeur-bertrand-richert\/","name":"Professeur Bertrand Richert - Brussels Skin Center","isPartOf":{"@id":"https:\/\/www.brussels-skin-center.be\/fr\/#website"},"primaryImageOfPage":{"@id":"https:\/\/www.brussels-skin-center.be\/fr\/votre-dermatologue-a-bruxelles\/professeur-bertrand-richert\/#primaryimage"},"image":{"@id":"https:\/\/www.brussels-skin-center.be\/fr\/votre-dermatologue-a-bruxelles\/professeur-bertrand-richert\/#primaryimage"},"thumbnailUrl":"https:\/\/www.brussels-skin-center.be\/wp-content\/uploads\/2026\/03\/Dr-Bertrand-Richert-dermatologist-au-Brussels-Skin-Center.jpg","datePublished":"2026-03-15T21:40:19+00:00","dateModified":"2026-03-15T23:09:12+00:00","description":"Pr. Bertrand Richert consulte au BSC o\u00f9 il se consacre aux maladies des ongles, \u00e0 leur chirurgie et \u00e0 la chirurgie dermatologique en g\u00e9n\u00e9ral.","breadcrumb":{"@id":"https:\/\/www.brussels-skin-center.be\/fr\/votre-dermatologue-a-bruxelles\/professeur-bertrand-richert\/#breadcrumb"},"inLanguage":"fr-FR","potentialAction":[{"@type":"ReadAction","target":["https:\/\/www.brussels-skin-center.be\/fr\/votre-dermatologue-a-bruxelles\/professeur-bertrand-richert\/"]}]},{"@type":"ImageObject","inLanguage":"fr-FR","@id":"https:\/\/www.brussels-skin-center.be\/fr\/votre-dermatologue-a-bruxelles\/professeur-bertrand-richert\/#primaryimage","url":"https:\/\/www.brussels-skin-center.be\/wp-content\/uploads\/2026\/03\/Dr-Bertrand-Richert-dermatologist-au-Brussels-Skin-Center.jpg","contentUrl":"https:\/\/www.brussels-skin-center.be\/wp-content\/uploads\/2026\/03\/Dr-Bertrand-Richert-dermatologist-au-Brussels-Skin-Center.jpg"},{"@type":"BreadcrumbList","@id":"https:\/\/www.brussels-skin-center.be\/fr\/votre-dermatologue-a-bruxelles\/professeur-bertrand-richert\/#breadcrumb","itemListElement":[{"@type":"ListItem","position":1,"name":"Home","item":"https:\/\/www.brussels-skin-center.be\/fr\/"},{"@type":"ListItem","position":2,"name":"Votre dermatologue \u00e0 Bruxelles","item":"https:\/\/www.brussels-skin-center.be\/fr\/votre-dermatologue-a-bruxelles\/"},{"@type":"ListItem","position":3,"name":"Professeur Bertrand Richert"}]},{"@type":"WebSite","@id":"https:\/\/www.brussels-skin-center.be\/fr\/#website","url":"https:\/\/www.brussels-skin-center.be\/fr\/","name":"Brussels Skin Center","description":"Dermatologie - Dermatology","publisher":{"@id":"https:\/\/www.brussels-skin-center.be\/fr\/#organization"},"potentialAction":[{"@type":"SearchAction","target":{"@type":"EntryPoint","urlTemplate":"https:\/\/www.brussels-skin-center.be\/fr\/?s={search_term_string}"},"query-input":{"@type":"PropertyValueSpecification","valueRequired":true,"valueName":"search_term_string"}}],"inLanguage":"fr-FR"},{"@type":"Organization","@id":"https:\/\/www.brussels-skin-center.be\/fr\/#organization","name":"Brussels Skin Center","url":"https:\/\/www.brussels-skin-center.be\/fr\/","logo":{"@type":"ImageObject","inLanguage":"fr-FR","@id":"https:\/\/www.brussels-skin-center.be\/fr\/#\/schema\/logo\/image\/","url":"https:\/\/www.brussels-skin-center.be\/wp-content\/uploads\/2022\/03\/BSC_logo-2.png","contentUrl":"https:\/\/www.brussels-skin-center.be\/wp-content\/uploads\/2022\/03\/BSC_logo-2.png","width":512,"height":512,"caption":"Brussels Skin Center"},"image":{"@id":"https:\/\/www.brussels-skin-center.be\/fr\/#\/schema\/logo\/image\/"},"sameAs":["https:\/\/www.facebook.com\/brusselsskincenter\/","https:\/\/www.linkedin.com\/company\/brussels-skin-center\/"]}]}},"_links":{"self":[{"href":"https:\/\/www.brussels-skin-center.be\/fr\/wp-json\/wp\/v2\/pages\/12705","targetHints":{"allow":["GET"]}}],"collection":[{"href":"https:\/\/www.brussels-skin-center.be\/fr\/wp-json\/wp\/v2\/pages"}],"about":[{"href":"https:\/\/www.brussels-skin-center.be\/fr\/wp-json\/wp\/v2\/types\/page"}],"author":[{"embeddable":true,"href":"https:\/\/www.brussels-skin-center.be\/fr\/wp-json\/wp\/v2\/users\/6"}],"replies":[{"embeddable":true,"href":"https:\/\/www.brussels-skin-center.be\/fr\/wp-json\/wp\/v2\/comments?post=12705"}],"version-history":[{"count":0,"href":"https:\/\/www.brussels-skin-center.be\/fr\/wp-json\/wp\/v2\/pages\/12705\/revisions"}],"up":[{"embeddable":true,"href":"https:\/\/www.brussels-skin-center.be\/fr\/wp-json\/wp\/v2\/pages\/47"}],"wp:attachment":[{"href":"https:\/\/www.brussels-skin-center.be\/fr\/wp-json\/wp\/v2\/media?parent=12705"}],"curies":[{"name":"wp","href":"https:\/\/api.w.org\/{rel}","templated":true}]}}