{"id":2265,"date":"2020-08-20T15:29:07","date_gmt":"2020-08-20T14:29:07","guid":{"rendered":"https:\/\/www.brussels-skin-center.be\/?page_id=2265"},"modified":"2026-03-19T18:14:33","modified_gmt":"2026-03-19T17:14:33","slug":"docteur-jonathan-krygier","status":"publish","type":"page","link":"https:\/\/www.brussels-skin-center.be\/fr\/votre-dermatologue-a-bruxelles\/docteur-jonathan-krygier\/","title":{"rendered":"Docteur Jonathan Krygier"},"content":{"rendered":"\t\t<div data-elementor-type=\"wp-page\" data-elementor-id=\"2265\" class=\"elementor elementor-2265\">\n\t\t\t\t\t\t<section class=\"elementor-section elementor-top-section elementor-element elementor-element-4e411c07 elementor-section-boxed elementor-section-height-default elementor-section-height-default\" data-id=\"4e411c07\" data-element_type=\"section\" data-e-type=\"section\">\n\t\t\t\t\t\t<div class=\"elementor-container elementor-column-gap-default\">\n\t\t\t\t\t<div class=\"elementor-column elementor-col-100 elementor-top-column elementor-element elementor-element-1d33d909\" data-id=\"1d33d909\" data-element_type=\"column\" data-e-type=\"column\">\n\t\t\t<div class=\"elementor-widget-wrap elementor-element-populated\">\n\t\t\t\t\t\t<div class=\"elementor-element elementor-element-5ad745d1 elementor-widget elementor-widget-heading\" data-id=\"5ad745d1\" data-element_type=\"widget\" data-e-type=\"widget\" data-widget_type=\"heading.default\">\n\t\t\t\t<div class=\"elementor-widget-container\">\n\t\t\t\t\t<h1 class=\"elementor-heading-title elementor-size-default\">Docteur Jonathan Krygier<\/h1>\t\t\t\t<\/div>\n\t\t\t\t<\/div>\n\t\t\t\t\t<\/div>\n\t\t<\/div>\n\t\t\t\t\t<\/div>\n\t\t<\/section>\n\t\t\t\t<section class=\"elementor-section elementor-top-section elementor-element elementor-element-7cab8688 elementor-section-boxed elementor-section-height-default elementor-section-height-default\" data-id=\"7cab8688\" data-element_type=\"section\" data-e-type=\"section\">\n\t\t\t\t\t\t<div class=\"elementor-container elementor-column-gap-default\">\n\t\t\t\t\t<div class=\"elementor-column elementor-col-100 elementor-top-column elementor-element elementor-element-74c73d4f\" data-id=\"74c73d4f\" data-element_type=\"column\" data-e-type=\"column\">\n\t\t\t<div class=\"elementor-widget-wrap elementor-element-populated\">\n\t\t\t\t\t\t<section class=\"elementor-section elementor-inner-section elementor-element elementor-element-39f70cef elementor-section-boxed elementor-section-height-default elementor-section-height-default\" data-id=\"39f70cef\" data-element_type=\"section\" data-e-type=\"section\">\n\t\t\t\t\t\t<div class=\"elementor-container elementor-column-gap-default\">\n\t\t\t\t\t<div class=\"elementor-column elementor-col-50 elementor-inner-column elementor-element elementor-element-c99ac48\" data-id=\"c99ac48\" data-element_type=\"column\" data-e-type=\"column\">\n\t\t\t<div class=\"elementor-widget-wrap elementor-element-populated\">\n\t\t\t\t\t\t<div class=\"elementor-element elementor-element-7fb3befd elementor-widget elementor-widget-image\" data-id=\"7fb3befd\" data-element_type=\"widget\" data-e-type=\"widget\" data-widget_type=\"image.default\">\n\t\t\t\t<div class=\"elementor-widget-container\">\n\t\t\t\t\t\t\t\t\t\t\t\t\t\t\t<img fetchpriority=\"high\" decoding=\"async\" width=\"400\" height=\"600\" src=\"https:\/\/www.brussels-skin-center.be\/wp-content\/uploads\/2022\/01\/Dr-Jonathan-Krygier-Dermatologue-au-Brussels-Skin-Center.jpg\" class=\"attachment-full size-full wp-image-3416\" alt=\"Dr Jonathan Krygier dermatologue sp\u00e9cialiste en pathologies urologiques et cancers cutan\u00e9s\" srcset=\"https:\/\/www.brussels-skin-center.be\/wp-content\/uploads\/2022\/01\/Dr-Jonathan-Krygier-Dermatologue-au-Brussels-Skin-Center.jpg 400w, https:\/\/www.brussels-skin-center.be\/wp-content\/uploads\/2022\/01\/Dr-Jonathan-Krygier-Dermatologue-au-Brussels-Skin-Center-67x100.jpg 67w\" sizes=\"(max-width: 400px) 100vw, 400px\" \/>\t\t\t\t\t\t\t\t\t\t\t\t\t\t\t<\/div>\n\t\t\t\t<\/div>\n\t\t\t\t\t<\/div>\n\t\t<\/div>\n\t\t\t\t<div class=\"elementor-column elementor-col-50 elementor-inner-column elementor-element elementor-element-6d8dacf4\" data-id=\"6d8dacf4\" data-element_type=\"column\" data-e-type=\"column\">\n\t\t\t<div class=\"elementor-widget-wrap elementor-element-populated\">\n\t\t\t\t\t\t<div class=\"elementor-element elementor-element-60f0e747 elementor-widget elementor-widget-heading\" data-id=\"60f0e747\" data-element_type=\"widget\" data-e-type=\"widget\" data-widget_type=\"heading.default\">\n\t\t\t\t<div class=\"elementor-widget-container\">\n\t\t\t\t\t<h2 class=\"elementor-heading-title elementor-size-default\">Domaines d\u2019expertise du Dr Jonathan Krygier<\/h2>\t\t\t\t<\/div>\n\t\t\t\t<\/div>\n\t\t\t\t<div class=\"elementor-element elementor-element-5d90adc5 elementor-widget elementor-widget-text-editor\" data-id=\"5d90adc5\" data-element_type=\"widget\" data-e-type=\"widget\" data-widget_type=\"text-editor.default\">\n\t\t\t\t<div class=\"elementor-widget-container\">\n\t\t\t\t\t\t\t\t\t<ul><li>Dermatologie g\u00e9n\u00e9rale (\u00e0 partir de 2 ans)<\/li><li>Dermatologie urologique<\/li><\/ul>\t\t\t\t\t\t\t\t<\/div>\n\t\t\t\t<\/div>\n\t\t\t\t<div class=\"elementor-element elementor-element-29a8264c elementor-widget elementor-widget-heading\" data-id=\"29a8264c\" data-element_type=\"widget\" data-e-type=\"widget\" data-widget_type=\"heading.default\">\n\t\t\t\t<div class=\"elementor-widget-container\">\n\t\t\t\t\t<h2 class=\"elementor-heading-title elementor-size-default\">Sp\u00e9cialisations en dermatologie g\u00e9n\u00e9rale<\/h2>\t\t\t\t<\/div>\n\t\t\t\t<\/div>\n\t\t\t\t<div class=\"elementor-element elementor-element-3cb3d0d1 elementor-widget elementor-widget-text-editor\" data-id=\"3cb3d0d1\" data-element_type=\"widget\" data-e-type=\"widget\" data-widget_type=\"text-editor.default\">\n\t\t\t\t<div class=\"elementor-widget-container\">\n\t\t\t\t\t\t\t\t\t<ul><li>Infections sexuellement transmissibles (IST) chez l\u2019homme et la femme\u00a0<\/li><li>Pathologie dermatologique de la r\u00e9gion anog\u00e9nitale externe chez l\u2019homme<\/li><li>Psoriasis<\/li><\/ul>\t\t\t\t\t\t\t\t<\/div>\n\t\t\t\t<\/div>\n\t\t\t\t\t<\/div>\n\t\t<\/div>\n\t\t\t\t\t<\/div>\n\t\t<\/section>\n\t\t\t\t\t<\/div>\n\t\t<\/div>\n\t\t\t\t\t<\/div>\n\t\t<\/section>\n\t\t\t\t<section class=\"elementor-section elementor-top-section elementor-element elementor-element-78cef5d8 elementor-section-boxed elementor-section-height-default elementor-section-height-default\" data-id=\"78cef5d8\" data-element_type=\"section\" data-e-type=\"section\">\n\t\t\t\t\t\t<div class=\"elementor-container elementor-column-gap-default\">\n\t\t\t\t\t<div class=\"elementor-column elementor-col-100 elementor-top-column elementor-element elementor-element-21989d08\" data-id=\"21989d08\" data-element_type=\"column\" data-e-type=\"column\">\n\t\t\t<div class=\"elementor-widget-wrap elementor-element-populated\">\n\t\t\t\t\t\t<div class=\"elementor-element elementor-element-17c7179f elementor-widget elementor-widget-heading\" data-id=\"17c7179f\" data-element_type=\"widget\" data-e-type=\"widget\" data-widget_type=\"heading.default\">\n\t\t\t\t<div class=\"elementor-widget-container\">\n\t\t\t\t\t<h2 class=\"elementor-heading-title elementor-size-default\">En savoir plus sur Dr Krygier<\/h2>\t\t\t\t<\/div>\n\t\t\t\t<\/div>\n\t\t\t\t<div class=\"elementor-element elementor-element-6af582a9 elementor-widget elementor-widget-text-editor\" data-id=\"6af582a9\" data-element_type=\"widget\" data-e-type=\"widget\" data-widget_type=\"text-editor.default\">\n\t\t\t\t<div class=\"elementor-widget-container\">\n\t\t\t\t\t\t\t\t\t<p style=\"text-align: center;\">Docteur Jonathan Krygier est dipl\u00f4m\u00e9 en m\u00e9decine et en dermatologie de l\u2019Universit\u00e9 Libre de Bruxelles.<strong> Il est dermatologue \u00e0 Bruxelles<\/strong> et consulte au Brussels Skin Center ainsi qu\u2019au CHU Saint-Pierre et au centre MIA du CHU Saint-Pierre (clinique sp\u00e9cialis\u00e9e dans les maladies infectieuses dont les infections sexuellement transmissibles).<\/p><p style=\"text-align: center;\">A c\u00f4t\u00e9 de sa pratique en dermatologie g\u00e9n\u00e9rale, le <strong>Dr Krygier est sp\u00e9cialis\u00e9 en dermatologie urologique <b>et en prise en charge du psoriasis cutan\u00e9.<\/b><\/strong>\u00a0Ainsi, il traite et assure un suivi des <strong>affections li\u00e9s aux infections sexuellement transmissibles<\/strong> et aux <strong>pathologies des muqueuses g\u00e9nitales externes masculines<\/strong>. <span lang=\"FR-BE\">Enfin, <\/span><span lang=\"FR-BE\">il a acquis une<\/span><b><span lang=\"FR-BE\"> expertise dans le traitement du psoriasis, qu&rsquo;il s&rsquo;agisse de formes l\u00e9g\u00e8res ou s\u00e9v\u00e8res.<\/span><\/b><\/p><p style=\"text-align: center;\">Il a \u00e9t\u00e9 form\u00e9 au CHU Saint-Pierre, au CHU Brugmann ainsi qu\u2019\u00e0 l\u2019h\u00f4pital universitaire n\u00e9erlandophone UZ Brussel. De ce fait, le <strong>Dr Krygier est bilingue fran\u00e7ais-n\u00e9erlandais<\/strong>.<\/p><p style=\"text-align: center;\">Il est membre de la SRBDV (Soci\u00e9t\u00e9 Royale Belge de Dermatologie et V\u00e9n\u00e9rologie), de la SFD (Soci\u00e9t\u00e9 Fran\u00e7aise de Dermatologie) et de l\u2019EADV (European Academy of Dermatology and Venereology).<\/p>\t\t\t\t\t\t\t\t<\/div>\n\t\t\t\t<\/div>\n\t\t\t\t\t<\/div>\n\t\t<\/div>\n\t\t\t\t\t<\/div>\n\t\t<\/section>\n\t\t\t\t<section class=\"elementor-section elementor-top-section elementor-element elementor-element-21e95203 elementor-section-boxed elementor-section-height-default elementor-section-height-default\" data-id=\"21e95203\" data-element_type=\"section\" data-e-type=\"section\">\n\t\t\t\t\t\t<div class=\"elementor-container elementor-column-gap-default\">\n\t\t\t\t\t<div class=\"elementor-column elementor-col-100 elementor-top-column elementor-element elementor-element-2c5c31a\" data-id=\"2c5c31a\" data-element_type=\"column\" data-e-type=\"column\">\n\t\t\t<div class=\"elementor-widget-wrap elementor-element-populated\">\n\t\t\t\t\t\t<div class=\"elementor-element elementor-element-3326ebac elementor-widget elementor-widget-heading\" data-id=\"3326ebac\" data-element_type=\"widget\" data-e-type=\"widget\" data-widget_type=\"heading.default\">\n\t\t\t\t<div class=\"elementor-widget-container\">\n\t\t\t\t\t<h2 class=\"elementor-heading-title elementor-size-default\">Votre rendez-vous avec Dr Jonathan Krygier<\/h2>\t\t\t\t<\/div>\n\t\t\t\t<\/div>\n\t\t\t\t<div class=\"elementor-element elementor-element-4b5e2d91 elementor-widget elementor-widget-text-editor\" data-id=\"4b5e2d91\" data-element_type=\"widget\" data-e-type=\"widget\" data-widget_type=\"text-editor.default\">\n\t\t\t\t<div class=\"elementor-widget-container\">\n\t\t\t\t\t\t\t\t\t<p style=\"text-align: center;\">Docteur Jonathan Krygier vous accueille au <strong>Brussels Skin Center<\/strong> pour toute <strong>consultation de dermatologie g\u00e9n\u00e9rale et urologique<\/strong> en fran\u00e7ais, en n\u00e9erlandais et en anglais dans le Quartier Europ\u00e9en.<\/p><p style=\"text-align: center;\">Le <strong>prix d\u2019une consultation avec le Docteur Jonathan Krygier s\u2019\u00e9l\u00e8ve \u00e0 \u20ac90<\/strong>, hors suppl\u00e9ments \u00e9ventuels (actes techniques, etc.). <strong>Dr Krygier est non-conventionn\u00e9<\/strong> au sein du Brussels Skin Center.<\/p>\t\t\t\t\t\t\t\t<\/div>\n\t\t\t\t<\/div>\n\t\t\t\t\t<\/div>\n\t\t<\/div>\n\t\t\t\t\t<\/div>\n\t\t<\/section>\n\t\t\t\t<section class=\"elementor-section elementor-top-section elementor-element elementor-element-6c98df27 elementor-section-boxed elementor-section-height-default elementor-section-height-default\" data-id=\"6c98df27\" data-element_type=\"section\" data-e-type=\"section\">\n\t\t\t\t\t\t<div class=\"elementor-container elementor-column-gap-default\">\n\t\t\t\t\t<div class=\"elementor-column elementor-col-50 elementor-top-column elementor-element elementor-element-64e5016\" data-id=\"64e5016\" data-element_type=\"column\" data-e-type=\"column\">\n\t\t\t<div class=\"elementor-widget-wrap elementor-element-populated\">\n\t\t\t\t\t\t<div class=\"elementor-element elementor-element-79d361fb elementor-align-center elementor-widget elementor-widget-button\" data-id=\"79d361fb\" data-element_type=\"widget\" data-e-type=\"widget\" data-widget_type=\"button.default\">\n\t\t\t\t<div class=\"elementor-widget-container\">\n\t\t\t\t\t\t\t\t\t<div class=\"elementor-button-wrapper\">\n\t\t\t\t\t<a class=\"elementor-button elementor-button-link elementor-size-sm\" href=\"https:\/\/www.brussels-skin-center.be\/fr\/dermatologue-bruxelles\/\">\n\t\t\t\t\t\t<span class=\"elementor-button-content-wrapper\">\n\t\t\t\t\t\t\t\t\t<span class=\"elementor-button-text\">Voir l'\u00e9quipe du BSC<\/span>\n\t\t\t\t\t<\/span>\n\t\t\t\t\t<\/a>\n\t\t\t\t<\/div>\n\t\t\t\t\t\t\t\t<\/div>\n\t\t\t\t<\/div>\n\t\t\t\t\t<\/div>\n\t\t<\/div>\n\t\t\t\t<div class=\"elementor-column elementor-col-50 elementor-top-column elementor-element elementor-element-6eab7fd1\" data-id=\"6eab7fd1\" data-element_type=\"column\" data-e-type=\"column\">\n\t\t\t<div class=\"elementor-widget-wrap elementor-element-populated\">\n\t\t\t\t\t\t<div class=\"elementor-element elementor-element-5db05ae9 elementor-align-center elementor-widget elementor-widget-button\" data-id=\"5db05ae9\" data-element_type=\"widget\" data-e-type=\"widget\" data-widget_type=\"button.default\">\n\t\t\t\t<div class=\"elementor-widget-container\">\n\t\t\t\t\t\t\t\t\t<div class=\"elementor-button-wrapper\">\n\t\t\t\t\t<a class=\"elementor-button elementor-button-link elementor-size-sm\" href=\"https:\/\/www.brussels-skin-center.be\/fr\/rendez-vous\/\">\n\t\t\t\t\t\t<span class=\"elementor-button-content-wrapper\">\n\t\t\t\t\t\t<span class=\"elementor-button-icon\">\n\t\t\t\t<i aria-hidden=\"true\" class=\"far fa-calendar-alt\"><\/i>\t\t\t<\/span>\n\t\t\t\t\t\t\t\t\t<span class=\"elementor-button-text\">Prendre rendez-vous<\/span>\n\t\t\t\t\t<\/span>\n\t\t\t\t\t<\/a>\n\t\t\t\t<\/div>\n\t\t\t\t\t\t\t\t<\/div>\n\t\t\t\t<\/div>\n\t\t\t\t\t<\/div>\n\t\t<\/div>\n\t\t\t\t\t<\/div>\n\t\t<\/section>\n\t\t\t\t<\/div>\n\t\t","protected":false},"excerpt":{"rendered":"<p>Docteur Jonathan Krygier Domaines d\u2019expertise du Dr Jonathan Krygier Dermatologie g\u00e9n\u00e9rale (\u00e0 partir de 2 ans) Dermatologie urologique Sp\u00e9cialisations en dermatologie g\u00e9n\u00e9rale Infections sexuellement transmissibles (IST) chez l\u2019homme et la femme\u00a0 Pathologie dermatologique de la r\u00e9gion anog\u00e9nitale externe chez l\u2019homme Psoriasis En savoir plus sur Dr Krygier Docteur Jonathan Krygier est dipl\u00f4m\u00e9 en m\u00e9decine et en dermatologie de l\u2019Universit\u00e9 Libre de Bruxelles. Il est dermatologue \u00e0 Bruxelles et consulte au Brussels Skin Center ainsi qu\u2019au CHU Saint-Pierre et au centre MIA du CHU Saint-Pierre (clinique sp\u00e9cialis\u00e9e dans les maladies infectieuses dont les infections sexuellement transmissibles). A c\u00f4t\u00e9 de sa pratique&hellip; <\/p>\n","protected":false},"author":6,"featured_media":0,"parent":47,"menu_order":0,"comment_status":"closed","ping_status":"closed","template":"","meta":{"footnotes":""},"class_list":["post-2265","page","type-page","status-publish","hentry"],"yoast_head":"<!-- This site is optimized with the Yoast SEO Premium plugin v26.3 (Yoast SEO v27.4) - https:\/\/yoast.com\/product\/yoast-seo-premium-wordpress\/ -->\n<title>Docteur Jonathan Krygier - Brussels Skin Center<\/title>\n<meta name=\"description\" content=\"Docteur Jonathan Krygier, dermatologue, est sp\u00e9cialis\u00e9 en infections sexuellement transmissibles et en pathologies anog\u00e9nitales masculines.\" \/>\n<meta name=\"robots\" content=\"index, follow, max-snippet:-1, max-image-preview:large, max-video-preview:-1\" \/>\n<link rel=\"canonical\" href=\"https:\/\/www.brussels-skin-center.be\/fr\/votre-dermatologue-a-bruxelles\/docteur-jonathan-krygier\/\" \/>\n<meta property=\"og:locale\" content=\"fr_FR\" \/>\n<meta property=\"og:type\" content=\"article\" \/>\n<meta property=\"og:title\" content=\"Docteur Jonathan Krygier\" \/>\n<meta property=\"og:description\" content=\"Docteur Jonathan Krygier Domaines d\u2019expertise du Dr Jonathan Krygier Dermatologie g\u00e9n\u00e9rale (\u00e0 partir de 2 ans)Dermatologie urologique Sp\u00e9cialisations en\" \/>\n<meta property=\"og:url\" content=\"https:\/\/www.brussels-skin-center.be\/fr\/votre-dermatologue-a-bruxelles\/docteur-jonathan-krygier\/\" \/>\n<meta property=\"og:site_name\" content=\"Brussels Skin Center\" \/>\n<meta property=\"article:publisher\" content=\"https:\/\/www.facebook.com\/brusselsskincenter\/\" \/>\n<meta property=\"article:modified_time\" content=\"2026-03-19T17:14:33+00:00\" \/>\n<meta property=\"og:image\" content=\"https:\/\/www.brussels-skin-center.be\/wp-content\/uploads\/2022\/01\/Dr-Jonathan-Krygier-Dermatologue-au-Brussels-Skin-Center.jpg\" \/>\n\t<meta property=\"og:image:width\" content=\"400\" \/>\n\t<meta property=\"og:image:height\" content=\"600\" \/>\n\t<meta property=\"og:image:type\" content=\"image\/jpeg\" \/>\n<meta name=\"twitter:label1\" content=\"Dur\u00e9e de lecture estim\u00e9e\" \/>\n\t<meta name=\"twitter:data1\" content=\"2 minutes\" \/>\n<script type=\"application\/ld+json\" class=\"yoast-schema-graph\">{\"@context\":\"https:\\\/\\\/schema.org\",\"@graph\":[{\"@type\":\"WebPage\",\"@id\":\"https:\\\/\\\/www.brussels-skin-center.be\\\/fr\\\/votre-dermatologue-a-bruxelles\\\/docteur-jonathan-krygier\\\/\",\"url\":\"https:\\\/\\\/www.brussels-skin-center.be\\\/fr\\\/votre-dermatologue-a-bruxelles\\\/docteur-jonathan-krygier\\\/\",\"name\":\"Docteur Jonathan Krygier - Brussels Skin Center\",\"isPartOf\":{\"@id\":\"https:\\\/\\\/www.brussels-skin-center.be\\\/fr\\\/#website\"},\"primaryImageOfPage\":{\"@id\":\"https:\\\/\\\/www.brussels-skin-center.be\\\/fr\\\/votre-dermatologue-a-bruxelles\\\/docteur-jonathan-krygier\\\/#primaryimage\"},\"image\":{\"@id\":\"https:\\\/\\\/www.brussels-skin-center.be\\\/fr\\\/votre-dermatologue-a-bruxelles\\\/docteur-jonathan-krygier\\\/#primaryimage\"},\"thumbnailUrl\":\"https:\\\/\\\/www.brussels-skin-center.be\\\/wp-content\\\/uploads\\\/2022\\\/01\\\/Dr-Jonathan-Krygier-Dermatologue-au-Brussels-Skin-Center.jpg\",\"datePublished\":\"2020-08-20T14:29:07+00:00\",\"dateModified\":\"2026-03-19T17:14:33+00:00\",\"description\":\"Docteur Jonathan Krygier, dermatologue, est sp\u00e9cialis\u00e9 en infections sexuellement transmissibles et en pathologies anog\u00e9nitales masculines.\",\"breadcrumb\":{\"@id\":\"https:\\\/\\\/www.brussels-skin-center.be\\\/fr\\\/votre-dermatologue-a-bruxelles\\\/docteur-jonathan-krygier\\\/#breadcrumb\"},\"inLanguage\":\"fr-FR\",\"potentialAction\":[{\"@type\":\"ReadAction\",\"target\":[\"https:\\\/\\\/www.brussels-skin-center.be\\\/fr\\\/votre-dermatologue-a-bruxelles\\\/docteur-jonathan-krygier\\\/\"]}]},{\"@type\":\"ImageObject\",\"inLanguage\":\"fr-FR\",\"@id\":\"https:\\\/\\\/www.brussels-skin-center.be\\\/fr\\\/votre-dermatologue-a-bruxelles\\\/docteur-jonathan-krygier\\\/#primaryimage\",\"url\":\"https:\\\/\\\/www.brussels-skin-center.be\\\/wp-content\\\/uploads\\\/2022\\\/01\\\/Dr-Jonathan-Krygier-Dermatologue-au-Brussels-Skin-Center.jpg\",\"contentUrl\":\"https:\\\/\\\/www.brussels-skin-center.be\\\/wp-content\\\/uploads\\\/2022\\\/01\\\/Dr-Jonathan-Krygier-Dermatologue-au-Brussels-Skin-Center.jpg\"},{\"@type\":\"BreadcrumbList\",\"@id\":\"https:\\\/\\\/www.brussels-skin-center.be\\\/fr\\\/votre-dermatologue-a-bruxelles\\\/docteur-jonathan-krygier\\\/#breadcrumb\",\"itemListElement\":[{\"@type\":\"ListItem\",\"position\":1,\"name\":\"Home\",\"item\":\"https:\\\/\\\/www.brussels-skin-center.be\\\/fr\\\/\"},{\"@type\":\"ListItem\",\"position\":2,\"name\":\"Votre dermatologue \u00e0 Bruxelles\",\"item\":\"https:\\\/\\\/www.brussels-skin-center.be\\\/fr\\\/votre-dermatologue-a-bruxelles\\\/\"},{\"@type\":\"ListItem\",\"position\":3,\"name\":\"Docteur Jonathan Krygier\"}]},{\"@type\":\"WebSite\",\"@id\":\"https:\\\/\\\/www.brussels-skin-center.be\\\/fr\\\/#website\",\"url\":\"https:\\\/\\\/www.brussels-skin-center.be\\\/fr\\\/\",\"name\":\"Brussels Skin Center\",\"description\":\"Dermatologie - Dermatology\",\"publisher\":{\"@id\":\"https:\\\/\\\/www.brussels-skin-center.be\\\/fr\\\/#organization\"},\"potentialAction\":[{\"@type\":\"SearchAction\",\"target\":{\"@type\":\"EntryPoint\",\"urlTemplate\":\"https:\\\/\\\/www.brussels-skin-center.be\\\/fr\\\/?s={search_term_string}\"},\"query-input\":{\"@type\":\"PropertyValueSpecification\",\"valueRequired\":true,\"valueName\":\"search_term_string\"}}],\"inLanguage\":\"fr-FR\"},{\"@type\":\"Organization\",\"@id\":\"https:\\\/\\\/www.brussels-skin-center.be\\\/fr\\\/#organization\",\"name\":\"Brussels Skin Center\",\"url\":\"https:\\\/\\\/www.brussels-skin-center.be\\\/fr\\\/\",\"logo\":{\"@type\":\"ImageObject\",\"inLanguage\":\"fr-FR\",\"@id\":\"https:\\\/\\\/www.brussels-skin-center.be\\\/fr\\\/#\\\/schema\\\/logo\\\/image\\\/\",\"url\":\"https:\\\/\\\/www.brussels-skin-center.be\\\/wp-content\\\/uploads\\\/2022\\\/03\\\/BSC_logo-2.png\",\"contentUrl\":\"https:\\\/\\\/www.brussels-skin-center.be\\\/wp-content\\\/uploads\\\/2022\\\/03\\\/BSC_logo-2.png\",\"width\":512,\"height\":512,\"caption\":\"Brussels Skin Center\"},\"image\":{\"@id\":\"https:\\\/\\\/www.brussels-skin-center.be\\\/fr\\\/#\\\/schema\\\/logo\\\/image\\\/\"},\"sameAs\":[\"https:\\\/\\\/www.facebook.com\\\/brusselsskincenter\\\/\",\"https:\\\/\\\/www.linkedin.com\\\/company\\\/brussels-skin-center\\\/\"]}]}<\/script>\n<!-- \/ Yoast SEO Premium plugin. -->","yoast_head_json":{"title":"Docteur Jonathan Krygier - Brussels Skin Center","description":"Docteur Jonathan Krygier, dermatologue, est sp\u00e9cialis\u00e9 en infections sexuellement transmissibles et en pathologies anog\u00e9nitales masculines.","robots":{"index":"index","follow":"follow","max-snippet":"max-snippet:-1","max-image-preview":"max-image-preview:large","max-video-preview":"max-video-preview:-1"},"canonical":"https:\/\/www.brussels-skin-center.be\/fr\/votre-dermatologue-a-bruxelles\/docteur-jonathan-krygier\/","og_locale":"fr_FR","og_type":"article","og_title":"Docteur Jonathan Krygier","og_description":"Docteur Jonathan Krygier Domaines d\u2019expertise du Dr Jonathan Krygier Dermatologie g\u00e9n\u00e9rale (\u00e0 partir de 2 ans)Dermatologie urologique Sp\u00e9cialisations en","og_url":"https:\/\/www.brussels-skin-center.be\/fr\/votre-dermatologue-a-bruxelles\/docteur-jonathan-krygier\/","og_site_name":"Brussels Skin Center","article_publisher":"https:\/\/www.facebook.com\/brusselsskincenter\/","article_modified_time":"2026-03-19T17:14:33+00:00","og_image":[{"width":400,"height":600,"url":"https:\/\/www.brussels-skin-center.be\/wp-content\/uploads\/2022\/01\/Dr-Jonathan-Krygier-Dermatologue-au-Brussels-Skin-Center.jpg","type":"image\/jpeg"}],"twitter_misc":{"Dur\u00e9e de lecture estim\u00e9e":"2 minutes"},"schema":{"@context":"https:\/\/schema.org","@graph":[{"@type":"WebPage","@id":"https:\/\/www.brussels-skin-center.be\/fr\/votre-dermatologue-a-bruxelles\/docteur-jonathan-krygier\/","url":"https:\/\/www.brussels-skin-center.be\/fr\/votre-dermatologue-a-bruxelles\/docteur-jonathan-krygier\/","name":"Docteur Jonathan Krygier - Brussels Skin Center","isPartOf":{"@id":"https:\/\/www.brussels-skin-center.be\/fr\/#website"},"primaryImageOfPage":{"@id":"https:\/\/www.brussels-skin-center.be\/fr\/votre-dermatologue-a-bruxelles\/docteur-jonathan-krygier\/#primaryimage"},"image":{"@id":"https:\/\/www.brussels-skin-center.be\/fr\/votre-dermatologue-a-bruxelles\/docteur-jonathan-krygier\/#primaryimage"},"thumbnailUrl":"https:\/\/www.brussels-skin-center.be\/wp-content\/uploads\/2022\/01\/Dr-Jonathan-Krygier-Dermatologue-au-Brussels-Skin-Center.jpg","datePublished":"2020-08-20T14:29:07+00:00","dateModified":"2026-03-19T17:14:33+00:00","description":"Docteur Jonathan Krygier, dermatologue, est sp\u00e9cialis\u00e9 en infections sexuellement transmissibles et en pathologies anog\u00e9nitales masculines.","breadcrumb":{"@id":"https:\/\/www.brussels-skin-center.be\/fr\/votre-dermatologue-a-bruxelles\/docteur-jonathan-krygier\/#breadcrumb"},"inLanguage":"fr-FR","potentialAction":[{"@type":"ReadAction","target":["https:\/\/www.brussels-skin-center.be\/fr\/votre-dermatologue-a-bruxelles\/docteur-jonathan-krygier\/"]}]},{"@type":"ImageObject","inLanguage":"fr-FR","@id":"https:\/\/www.brussels-skin-center.be\/fr\/votre-dermatologue-a-bruxelles\/docteur-jonathan-krygier\/#primaryimage","url":"https:\/\/www.brussels-skin-center.be\/wp-content\/uploads\/2022\/01\/Dr-Jonathan-Krygier-Dermatologue-au-Brussels-Skin-Center.jpg","contentUrl":"https:\/\/www.brussels-skin-center.be\/wp-content\/uploads\/2022\/01\/Dr-Jonathan-Krygier-Dermatologue-au-Brussels-Skin-Center.jpg"},{"@type":"BreadcrumbList","@id":"https:\/\/www.brussels-skin-center.be\/fr\/votre-dermatologue-a-bruxelles\/docteur-jonathan-krygier\/#breadcrumb","itemListElement":[{"@type":"ListItem","position":1,"name":"Home","item":"https:\/\/www.brussels-skin-center.be\/fr\/"},{"@type":"ListItem","position":2,"name":"Votre dermatologue \u00e0 Bruxelles","item":"https:\/\/www.brussels-skin-center.be\/fr\/votre-dermatologue-a-bruxelles\/"},{"@type":"ListItem","position":3,"name":"Docteur Jonathan Krygier"}]},{"@type":"WebSite","@id":"https:\/\/www.brussels-skin-center.be\/fr\/#website","url":"https:\/\/www.brussels-skin-center.be\/fr\/","name":"Brussels Skin Center","description":"Dermatologie - Dermatology","publisher":{"@id":"https:\/\/www.brussels-skin-center.be\/fr\/#organization"},"potentialAction":[{"@type":"SearchAction","target":{"@type":"EntryPoint","urlTemplate":"https:\/\/www.brussels-skin-center.be\/fr\/?s={search_term_string}"},"query-input":{"@type":"PropertyValueSpecification","valueRequired":true,"valueName":"search_term_string"}}],"inLanguage":"fr-FR"},{"@type":"Organization","@id":"https:\/\/www.brussels-skin-center.be\/fr\/#organization","name":"Brussels Skin Center","url":"https:\/\/www.brussels-skin-center.be\/fr\/","logo":{"@type":"ImageObject","inLanguage":"fr-FR","@id":"https:\/\/www.brussels-skin-center.be\/fr\/#\/schema\/logo\/image\/","url":"https:\/\/www.brussels-skin-center.be\/wp-content\/uploads\/2022\/03\/BSC_logo-2.png","contentUrl":"https:\/\/www.brussels-skin-center.be\/wp-content\/uploads\/2022\/03\/BSC_logo-2.png","width":512,"height":512,"caption":"Brussels Skin Center"},"image":{"@id":"https:\/\/www.brussels-skin-center.be\/fr\/#\/schema\/logo\/image\/"},"sameAs":["https:\/\/www.facebook.com\/brusselsskincenter\/","https:\/\/www.linkedin.com\/company\/brussels-skin-center\/"]}]}},"_links":{"self":[{"href":"https:\/\/www.brussels-skin-center.be\/fr\/wp-json\/wp\/v2\/pages\/2265","targetHints":{"allow":["GET"]}}],"collection":[{"href":"https:\/\/www.brussels-skin-center.be\/fr\/wp-json\/wp\/v2\/pages"}],"about":[{"href":"https:\/\/www.brussels-skin-center.be\/fr\/wp-json\/wp\/v2\/types\/page"}],"author":[{"embeddable":true,"href":"https:\/\/www.brussels-skin-center.be\/fr\/wp-json\/wp\/v2\/users\/6"}],"replies":[{"embeddable":true,"href":"https:\/\/www.brussels-skin-center.be\/fr\/wp-json\/wp\/v2\/comments?post=2265"}],"version-history":[{"count":0,"href":"https:\/\/www.brussels-skin-center.be\/fr\/wp-json\/wp\/v2\/pages\/2265\/revisions"}],"up":[{"embeddable":true,"href":"https:\/\/www.brussels-skin-center.be\/fr\/wp-json\/wp\/v2\/pages\/47"}],"wp:attachment":[{"href":"https:\/\/www.brussels-skin-center.be\/fr\/wp-json\/wp\/v2\/media?parent=2265"}],"curies":[{"name":"wp","href":"https:\/\/api.w.org\/{rel}","templated":true}]}}