{"id":12926,"date":"2026-03-26T13:11:35","date_gmt":"2026-03-26T12:11:35","guid":{"rendered":"https:\/\/www.brussels-skin-center.be\/?page_id=12926"},"modified":"2026-03-26T13:34:30","modified_gmt":"2026-03-26T12:34:30","slug":"dokter-celine-dandoy","status":"publish","type":"page","link":"https:\/\/www.brussels-skin-center.be\/nl\/uw-dermatoloog-in-brussel\/dokter-celine-dandoy\/","title":{"rendered":"Dokter C\u00e9line Dandoy"},"content":{"rendered":"\t\t<div data-elementor-type=\"wp-page\" data-elementor-id=\"12926\" class=\"elementor elementor-12926 elementor-12913\">\n\t\t\t\t\t\t<section class=\"elementor-section elementor-top-section elementor-element elementor-element-724510d elementor-section-boxed elementor-section-height-default elementor-section-height-default\" data-id=\"724510d\" data-element_type=\"section\" data-e-type=\"section\">\n\t\t\t\t\t\t<div class=\"elementor-container elementor-column-gap-default\">\n\t\t\t\t\t<div class=\"elementor-column elementor-col-100 elementor-top-column elementor-element elementor-element-1fab62a4\" data-id=\"1fab62a4\" data-element_type=\"column\" data-e-type=\"column\">\n\t\t\t<div class=\"elementor-widget-wrap elementor-element-populated\">\n\t\t\t\t\t\t<div class=\"elementor-element elementor-element-d488cbe elementor-widget elementor-widget-heading\" data-id=\"d488cbe\" data-element_type=\"widget\" data-e-type=\"widget\" data-widget_type=\"heading.default\">\n\t\t\t\t<div class=\"elementor-widget-container\">\n\t\t\t\t\t<h1 class=\"elementor-heading-title elementor-size-default\">Dokter C\u00e9line Dandoy<\/h1>\t\t\t\t<\/div>\n\t\t\t\t<\/div>\n\t\t\t\t\t<\/div>\n\t\t<\/div>\n\t\t\t\t\t<\/div>\n\t\t<\/section>\n\t\t\t\t<section class=\"elementor-section elementor-top-section elementor-element elementor-element-11234d7 elementor-section-boxed elementor-section-height-default elementor-section-height-default\" data-id=\"11234d7\" data-element_type=\"section\" data-e-type=\"section\">\n\t\t\t\t\t\t<div class=\"elementor-container elementor-column-gap-default\">\n\t\t\t\t\t<div class=\"elementor-column elementor-col-100 elementor-top-column elementor-element elementor-element-3c9187ff\" data-id=\"3c9187ff\" data-element_type=\"column\" data-e-type=\"column\">\n\t\t\t<div class=\"elementor-widget-wrap elementor-element-populated\">\n\t\t\t\t\t\t<section class=\"elementor-section elementor-inner-section elementor-element elementor-element-45867948 elementor-section-boxed elementor-section-height-default elementor-section-height-default\" data-id=\"45867948\" data-element_type=\"section\" data-e-type=\"section\">\n\t\t\t\t\t\t<div class=\"elementor-container elementor-column-gap-default\">\n\t\t\t\t\t<div class=\"elementor-column elementor-col-50 elementor-inner-column elementor-element elementor-element-1bb231ec\" data-id=\"1bb231ec\" data-element_type=\"column\" data-e-type=\"column\">\n\t\t\t<div class=\"elementor-widget-wrap elementor-element-populated\">\n\t\t\t\t\t\t<div class=\"elementor-element elementor-element-10bd2d02 elementor-widget elementor-widget-image\" data-id=\"10bd2d02\" data-element_type=\"widget\" data-e-type=\"widget\" data-widget_type=\"image.default\">\n\t\t\t\t<div class=\"elementor-widget-container\">\n\t\t\t\t\t\t\t\t\t\t\t\t\t\t\t<img fetchpriority=\"high\" decoding=\"async\" width=\"400\" height=\"513\" src=\"https:\/\/www.brussels-skin-center.be\/wp-content\/uploads\/2026\/03\/Dr-Celine-Dandoy-Dermatologue-au-Brussels-Skin-Center-1.jpg\" class=\"attachment-full size-full wp-image-12920\" alt=\"Dr. Celine Dandoy, dermatoloog specialist in ontstekingsziekten en in ingrepen\" srcset=\"https:\/\/www.brussels-skin-center.be\/wp-content\/uploads\/2026\/03\/Dr-Celine-Dandoy-Dermatologue-au-Brussels-Skin-Center-1.jpg 400w, https:\/\/www.brussels-skin-center.be\/wp-content\/uploads\/2026\/03\/Dr-Celine-Dandoy-Dermatologue-au-Brussels-Skin-Center-1-78x100.jpg 78w\" sizes=\"(max-width: 400px) 100vw, 400px\" \/>\t\t\t\t\t\t\t\t\t\t\t\t\t\t\t<\/div>\n\t\t\t\t<\/div>\n\t\t\t\t\t<\/div>\n\t\t<\/div>\n\t\t\t\t<div class=\"elementor-column elementor-col-50 elementor-inner-column elementor-element elementor-element-4a5a7c7c\" data-id=\"4a5a7c7c\" data-element_type=\"column\" data-e-type=\"column\">\n\t\t\t<div class=\"elementor-widget-wrap elementor-element-populated\">\n\t\t\t\t\t\t<div class=\"elementor-element elementor-element-61d611f elementor-widget elementor-widget-heading\" data-id=\"61d611f\" data-element_type=\"widget\" data-e-type=\"widget\" data-widget_type=\"heading.default\">\n\t\t\t\t<div class=\"elementor-widget-container\">\n\t\t\t\t\t<h2 class=\"elementor-heading-title elementor-size-default\">Expertisegebieden van dr. C\u00e9line Dandoy<\/h2>\t\t\t\t<\/div>\n\t\t\t\t<\/div>\n\t\t\t\t<div class=\"elementor-element elementor-element-69a50ed3 elementor-widget elementor-widget-text-editor\" data-id=\"69a50ed3\" data-element_type=\"widget\" data-e-type=\"widget\" data-widget_type=\"text-editor.default\">\n\t\t\t\t<div class=\"elementor-widget-container\">\n\t\t\t\t\t\t\t\t\t<ul><li>Algemene dermatologie (alle leeftijden)<\/li><li>Dermatologische chirurgie<\/li><\/ul>\t\t\t\t\t\t\t\t<\/div>\n\t\t\t\t<\/div>\n\t\t\t\t<div class=\"elementor-element elementor-element-52758770 elementor-widget elementor-widget-heading\" data-id=\"52758770\" data-element_type=\"widget\" data-e-type=\"widget\" data-widget_type=\"heading.default\">\n\t\t\t\t<div class=\"elementor-widget-container\">\n\t\t\t\t\t<h2 class=\"elementor-heading-title elementor-size-default\">Specialisaties in algemene dermatologie<\/h2>\t\t\t\t<\/div>\n\t\t\t\t<\/div>\n\t\t\t\t<div class=\"elementor-element elementor-element-726da03b elementor-widget elementor-widget-text-editor\" data-id=\"726da03b\" data-element_type=\"widget\" data-e-type=\"widget\" data-widget_type=\"text-editor.default\">\n\t\t\t\t<div class=\"elementor-widget-container\">\n\t\t\t\t\t\t\t\t\t<ul><li>Ontstekingsziekten van de huid<\/li><li>Psoriasis<\/li><li>Huidkanker<\/li><\/ul>\t\t\t\t\t\t\t\t<\/div>\n\t\t\t\t<\/div>\n\t\t\t\t\t<\/div>\n\t\t<\/div>\n\t\t\t\t\t<\/div>\n\t\t<\/section>\n\t\t\t\t\t<\/div>\n\t\t<\/div>\n\t\t\t\t\t<\/div>\n\t\t<\/section>\n\t\t\t\t<section class=\"elementor-section elementor-top-section elementor-element elementor-element-29cdc21b elementor-section-boxed elementor-section-height-default elementor-section-height-default\" data-id=\"29cdc21b\" data-element_type=\"section\" data-e-type=\"section\">\n\t\t\t\t\t\t<div class=\"elementor-container elementor-column-gap-default\">\n\t\t\t\t\t<div class=\"elementor-column elementor-col-100 elementor-top-column elementor-element elementor-element-6ffc1171\" data-id=\"6ffc1171\" data-element_type=\"column\" data-e-type=\"column\">\n\t\t\t<div class=\"elementor-widget-wrap elementor-element-populated\">\n\t\t\t\t\t\t<div class=\"elementor-element elementor-element-60d239a5 elementor-widget elementor-widget-heading\" data-id=\"60d239a5\" data-element_type=\"widget\" data-e-type=\"widget\" data-widget_type=\"heading.default\">\n\t\t\t\t<div class=\"elementor-widget-container\">\n\t\t\t\t\t<h2 class=\"elementor-heading-title elementor-size-default\">Meer weten over dr. Dandoy<\/h2>\t\t\t\t<\/div>\n\t\t\t\t<\/div>\n\t\t\t\t<div class=\"elementor-element elementor-element-7fe1cbf elementor-widget elementor-widget-text-editor\" data-id=\"7fe1cbf\" data-element_type=\"widget\" data-e-type=\"widget\" data-widget_type=\"text-editor.default\">\n\t\t\t\t<div class=\"elementor-widget-container\">\n\t\t\t\t\t\t\t\t\t<p style=\"text-align: center;\">Dr. C\u00e9line Dandoy is dermatoloog in Brussel en afgestudeerd aan de Universit\u00e9 Libre de Bruxelles. Ze heeft haar opleiding gevolgd in het Erasmusziekenhuis (Brussel) en het Ambroise Par\u00e9-ziekenhuis (Bergen), en is tevens werkzaam als dermatoloog in het H\u00f4pital Universitaire de Bruxelles (HUB).<\/p><p style=\"text-align: center;\">Ze heeft zich gespecialiseerd in de behandeling van psoriasis, met de oprichting van een register voor deze aandoening en actieve deelname aan klinische studies. Ze bouwt ook expertise op in inflammatoire huidaandoeningen, in nauwe samenwerking met de interne geneeskunde en specialisten in inflammatoire darmziekten.<\/p><p style=\"text-align: center;\">Ze is opgeleid in dermatologische chirurgie door plastisch chirurgen en voert met name operaties uit voor huidkanker, cysten, lipomen, de ziekte van Verneuil en nagelaandoeningen. Ze heeft haar opleiding afgerond met een fellowship in Mohs-chirurgie in het Ambroise-Par\u00e9-ziekenhuis (AP-HP, Parijs) en met een interuniversitair diploma in dermatologische chirurgie (Universiteit van Versailles) en een interuniversitair diploma in dermatologische manifestaties van systemische ziekten (Universiteit van Montpellier).<\/p><p style=\"text-align: center;\">Dr. Dandoy is lid van de Koninklijke Belgische Vereniging voor Dermatologie en Venerologie (KBVDV), de European Academy of Dermatology and Venereology (EADV) en van de chirurgische groep van de Soci\u00e9t\u00e9 Fran\u00e7aise de Dermatologie (SFD).<\/p>\t\t\t\t\t\t\t\t<\/div>\n\t\t\t\t<\/div>\n\t\t\t\t\t<\/div>\n\t\t<\/div>\n\t\t\t\t\t<\/div>\n\t\t<\/section>\n\t\t\t\t<section class=\"elementor-section elementor-top-section elementor-element elementor-element-6d174842 elementor-section-boxed elementor-section-height-default elementor-section-height-default\" data-id=\"6d174842\" data-element_type=\"section\" data-e-type=\"section\">\n\t\t\t\t\t\t<div class=\"elementor-container elementor-column-gap-default\">\n\t\t\t\t\t<div class=\"elementor-column elementor-col-100 elementor-top-column elementor-element elementor-element-4c3caf3e\" data-id=\"4c3caf3e\" data-element_type=\"column\" data-e-type=\"column\">\n\t\t\t<div class=\"elementor-widget-wrap elementor-element-populated\">\n\t\t\t\t\t\t<div class=\"elementor-element elementor-element-53bb2ecb elementor-widget elementor-widget-heading\" data-id=\"53bb2ecb\" data-element_type=\"widget\" data-e-type=\"widget\" data-widget_type=\"heading.default\">\n\t\t\t\t<div class=\"elementor-widget-container\">\n\t\t\t\t\t<h2 class=\"elementor-heading-title elementor-size-default\">Uw afspraak met dr. C\u00e9line Dandoy<\/h2>\t\t\t\t<\/div>\n\t\t\t\t<\/div>\n\t\t\t\t<div class=\"elementor-element elementor-element-2e92c604 elementor-widget elementor-widget-text-editor\" data-id=\"2e92c604\" data-element_type=\"widget\" data-e-type=\"widget\" data-widget_type=\"text-editor.default\">\n\t\t\t\t<div class=\"elementor-widget-container\">\n\t\t\t\t\t\t\t\t\t<p style=\"text-align: center;\">Dr. C\u00e9line Dandoy ontvangt u in het Brussels Skin Center in Elsene voor consulten in het Frans, Engels en in het Mandarijn.<\/p><p style=\"text-align: center;\">De prijs voor een consult bedraagt 90 \u20ac, exclusief eventuele bijkomende kosten (technische handelingen, enz.). Zij is niet aangesloten bij de ziektekostenverzekering binnen het Brussels Skin Center.<\/p>\t\t\t\t\t\t\t\t<\/div>\n\t\t\t\t<\/div>\n\t\t\t\t\t<\/div>\n\t\t<\/div>\n\t\t\t\t\t<\/div>\n\t\t<\/section>\n\t\t\t\t<section class=\"elementor-section elementor-top-section elementor-element elementor-element-5077fd24 elementor-section-boxed elementor-section-height-default elementor-section-height-default\" data-id=\"5077fd24\" data-element_type=\"section\" data-e-type=\"section\">\n\t\t\t\t\t\t<div class=\"elementor-container elementor-column-gap-default\">\n\t\t\t\t\t<div class=\"elementor-column elementor-col-50 elementor-top-column elementor-element elementor-element-53e6a6cc\" data-id=\"53e6a6cc\" data-element_type=\"column\" data-e-type=\"column\">\n\t\t\t<div class=\"elementor-widget-wrap elementor-element-populated\">\n\t\t\t\t\t\t<div class=\"elementor-element elementor-element-72e8662c elementor-align-center elementor-widget elementor-widget-button\" data-id=\"72e8662c\" data-element_type=\"widget\" data-e-type=\"widget\" data-widget_type=\"button.default\">\n\t\t\t\t<div class=\"elementor-widget-container\">\n\t\t\t\t\t\t\t\t\t<div class=\"elementor-button-wrapper\">\n\t\t\t\t\t<a class=\"elementor-button elementor-button-link elementor-size-sm\" href=\"\">\n\t\t\t\t\t\t<span class=\"elementor-button-content-wrapper\">\n\t\t\t\t\t\t\t\t\t<span class=\"elementor-button-text\">Het BSC team<\/span>\n\t\t\t\t\t<\/span>\n\t\t\t\t\t<\/a>\n\t\t\t\t<\/div>\n\t\t\t\t\t\t\t\t<\/div>\n\t\t\t\t<\/div>\n\t\t\t\t\t<\/div>\n\t\t<\/div>\n\t\t\t\t<div class=\"elementor-column elementor-col-50 elementor-top-column elementor-element elementor-element-1c47e2db\" data-id=\"1c47e2db\" data-element_type=\"column\" data-e-type=\"column\">\n\t\t\t<div class=\"elementor-widget-wrap elementor-element-populated\">\n\t\t\t\t\t\t<div class=\"elementor-element elementor-element-1f7a3546 elementor-align-center elementor-widget elementor-widget-button\" data-id=\"1f7a3546\" data-element_type=\"widget\" data-e-type=\"widget\" data-widget_type=\"button.default\">\n\t\t\t\t<div class=\"elementor-widget-container\">\n\t\t\t\t\t\t\t\t\t<div class=\"elementor-button-wrapper\">\n\t\t\t\t\t<a class=\"elementor-button elementor-button-link elementor-size-sm\" href=\"\">\n\t\t\t\t\t\t<span class=\"elementor-button-content-wrapper\">\n\t\t\t\t\t\t<span class=\"elementor-button-icon\">\n\t\t\t\t<i aria-hidden=\"true\" class=\"far fa-calendar-alt\"><\/i>\t\t\t<\/span>\n\t\t\t\t\t\t\t\t\t<span class=\"elementor-button-text\">Afspraak maken<\/span>\n\t\t\t\t\t<\/span>\n\t\t\t\t\t<\/a>\n\t\t\t\t<\/div>\n\t\t\t\t\t\t\t\t<\/div>\n\t\t\t\t<\/div>\n\t\t\t\t\t<\/div>\n\t\t<\/div>\n\t\t\t\t\t<\/div>\n\t\t<\/section>\n\t\t\t\t<\/div>\n\t\t","protected":false},"excerpt":{"rendered":"<p>Dokter C\u00e9line Dandoy Expertisegebieden van dr. C\u00e9line Dandoy Algemene dermatologie (alle leeftijden) Dermatologische chirurgie Specialisaties in algemene dermatologie Ontstekingsziekten van de huid Psoriasis Huidkanker Meer weten over dr. Dandoy Dr. C\u00e9line Dandoy is dermatoloog in Brussel en afgestudeerd aan de Universit\u00e9 Libre de Bruxelles. Ze heeft haar opleiding gevolgd in het Erasmusziekenhuis (Brussel) en het Ambroise Par\u00e9-ziekenhuis (Bergen), en is tevens werkzaam als dermatoloog in het H\u00f4pital Universitaire de Bruxelles (HUB). Ze heeft zich gespecialiseerd in de behandeling van psoriasis, met de oprichting van een register voor deze aandoening en actieve deelname aan klinische studies. Ze bouwt ook expertise op&hellip; <\/p>\n","protected":false},"author":6,"featured_media":0,"parent":49,"menu_order":0,"comment_status":"closed","ping_status":"closed","template":"","meta":{"footnotes":""},"class_list":["post-12926","page","type-page","status-publish","hentry"],"yoast_head":"<!-- This site is optimized with the Yoast SEO Premium plugin v26.3 (Yoast SEO v27.4) - https:\/\/yoast.com\/product\/yoast-seo-premium-wordpress\/ -->\n<title>Dokter C\u00e9line Dandoy - Brussels Skin Center<\/title>\n<meta name=\"description\" content=\"Dr. C\u00e9line Dandoy is dermatoloog bij het BSC. Ze is gespecialiseerd in inflammatoire huidaandoeningen en dermatologische chirurgie.\" \/>\n<meta name=\"robots\" content=\"index, follow, max-snippet:-1, max-image-preview:large, max-video-preview:-1\" \/>\n<link rel=\"canonical\" href=\"https:\/\/www.brussels-skin-center.be\/nl\/uw-dermatoloog-in-brussel\/dokter-celine-dandoy\/\" \/>\n<meta property=\"og:locale\" content=\"nl_NL\" \/>\n<meta property=\"og:type\" content=\"article\" \/>\n<meta property=\"og:title\" content=\"Dokter C\u00e9line Dandoy\" \/>\n<meta property=\"og:description\" content=\"Dokter C\u00e9line Dandoy Expertisegebieden van dr. C\u00e9line Dandoy Algemene dermatologie (alle leeftijden)Dermatologische chirurgie Specialisaties in algemene\" \/>\n<meta property=\"og:url\" content=\"https:\/\/www.brussels-skin-center.be\/nl\/uw-dermatoloog-in-brussel\/dokter-celine-dandoy\/\" \/>\n<meta property=\"og:site_name\" content=\"Brussels Skin Center\" \/>\n<meta property=\"article:publisher\" content=\"https:\/\/www.facebook.com\/brusselsskincenter\/\" \/>\n<meta property=\"article:modified_time\" content=\"2026-03-26T12:34:30+00:00\" \/>\n<meta property=\"og:image\" content=\"https:\/\/www.brussels-skin-center.be\/wp-content\/uploads\/2026\/03\/Dr-Celine-Dandoy-Dermatologue-au-Brussels-Skin-Center-1.jpg\" \/>\n\t<meta property=\"og:image:width\" content=\"400\" \/>\n\t<meta property=\"og:image:height\" content=\"513\" \/>\n\t<meta property=\"og:image:type\" content=\"image\/jpeg\" \/>\n<meta name=\"twitter:label1\" content=\"Geschatte leestijd\" \/>\n\t<meta name=\"twitter:data1\" content=\"2 minuten\" \/>\n<script type=\"application\/ld+json\" class=\"yoast-schema-graph\">{\"@context\":\"https:\\\/\\\/schema.org\",\"@graph\":[{\"@type\":\"WebPage\",\"@id\":\"https:\\\/\\\/www.brussels-skin-center.be\\\/nl\\\/uw-dermatoloog-in-brussel\\\/dokter-celine-dandoy\\\/\",\"url\":\"https:\\\/\\\/www.brussels-skin-center.be\\\/nl\\\/uw-dermatoloog-in-brussel\\\/dokter-celine-dandoy\\\/\",\"name\":\"Dokter C\u00e9line Dandoy - Brussels Skin Center\",\"isPartOf\":{\"@id\":\"https:\\\/\\\/www.brussels-skin-center.be\\\/nl\\\/#website\"},\"primaryImageOfPage\":{\"@id\":\"https:\\\/\\\/www.brussels-skin-center.be\\\/nl\\\/uw-dermatoloog-in-brussel\\\/dokter-celine-dandoy\\\/#primaryimage\"},\"image\":{\"@id\":\"https:\\\/\\\/www.brussels-skin-center.be\\\/nl\\\/uw-dermatoloog-in-brussel\\\/dokter-celine-dandoy\\\/#primaryimage\"},\"thumbnailUrl\":\"https:\\\/\\\/www.brussels-skin-center.be\\\/wp-content\\\/uploads\\\/2026\\\/03\\\/Dr-Celine-Dandoy-Dermatologue-au-Brussels-Skin-Center-1.jpg\",\"datePublished\":\"2026-03-26T12:11:35+00:00\",\"dateModified\":\"2026-03-26T12:34:30+00:00\",\"description\":\"Dr. C\u00e9line Dandoy is dermatoloog bij het BSC. Ze is gespecialiseerd in inflammatoire huidaandoeningen en dermatologische chirurgie.\",\"breadcrumb\":{\"@id\":\"https:\\\/\\\/www.brussels-skin-center.be\\\/nl\\\/uw-dermatoloog-in-brussel\\\/dokter-celine-dandoy\\\/#breadcrumb\"},\"inLanguage\":\"nl-NL\",\"potentialAction\":[{\"@type\":\"ReadAction\",\"target\":[\"https:\\\/\\\/www.brussels-skin-center.be\\\/nl\\\/uw-dermatoloog-in-brussel\\\/dokter-celine-dandoy\\\/\"]}]},{\"@type\":\"ImageObject\",\"inLanguage\":\"nl-NL\",\"@id\":\"https:\\\/\\\/www.brussels-skin-center.be\\\/nl\\\/uw-dermatoloog-in-brussel\\\/dokter-celine-dandoy\\\/#primaryimage\",\"url\":\"https:\\\/\\\/www.brussels-skin-center.be\\\/wp-content\\\/uploads\\\/2026\\\/03\\\/Dr-Celine-Dandoy-Dermatologue-au-Brussels-Skin-Center-1.jpg\",\"contentUrl\":\"https:\\\/\\\/www.brussels-skin-center.be\\\/wp-content\\\/uploads\\\/2026\\\/03\\\/Dr-Celine-Dandoy-Dermatologue-au-Brussels-Skin-Center-1.jpg\"},{\"@type\":\"BreadcrumbList\",\"@id\":\"https:\\\/\\\/www.brussels-skin-center.be\\\/nl\\\/uw-dermatoloog-in-brussel\\\/dokter-celine-dandoy\\\/#breadcrumb\",\"itemListElement\":[{\"@type\":\"ListItem\",\"position\":1,\"name\":\"Home\",\"item\":\"https:\\\/\\\/www.brussels-skin-center.be\\\/nl\\\/\"},{\"@type\":\"ListItem\",\"position\":2,\"name\":\"Uw dermatoloog in Brussel\",\"item\":\"https:\\\/\\\/www.brussels-skin-center.be\\\/nl\\\/uw-dermatoloog-in-brussel\\\/\"},{\"@type\":\"ListItem\",\"position\":3,\"name\":\"Dokter C\u00e9line Dandoy\"}]},{\"@type\":\"WebSite\",\"@id\":\"https:\\\/\\\/www.brussels-skin-center.be\\\/nl\\\/#website\",\"url\":\"https:\\\/\\\/www.brussels-skin-center.be\\\/nl\\\/\",\"name\":\"Brussels Skin Center\",\"description\":\"Dermatologie - Dermatology\",\"publisher\":{\"@id\":\"https:\\\/\\\/www.brussels-skin-center.be\\\/nl\\\/#organization\"},\"potentialAction\":[{\"@type\":\"SearchAction\",\"target\":{\"@type\":\"EntryPoint\",\"urlTemplate\":\"https:\\\/\\\/www.brussels-skin-center.be\\\/nl\\\/?s={search_term_string}\"},\"query-input\":{\"@type\":\"PropertyValueSpecification\",\"valueRequired\":true,\"valueName\":\"search_term_string\"}}],\"inLanguage\":\"nl-NL\"},{\"@type\":\"Organization\",\"@id\":\"https:\\\/\\\/www.brussels-skin-center.be\\\/nl\\\/#organization\",\"name\":\"Brussels Skin Center\",\"url\":\"https:\\\/\\\/www.brussels-skin-center.be\\\/nl\\\/\",\"logo\":{\"@type\":\"ImageObject\",\"inLanguage\":\"nl-NL\",\"@id\":\"https:\\\/\\\/www.brussels-skin-center.be\\\/nl\\\/#\\\/schema\\\/logo\\\/image\\\/\",\"url\":\"https:\\\/\\\/www.brussels-skin-center.be\\\/wp-content\\\/uploads\\\/2022\\\/03\\\/BSC_logo-2.png\",\"contentUrl\":\"https:\\\/\\\/www.brussels-skin-center.be\\\/wp-content\\\/uploads\\\/2022\\\/03\\\/BSC_logo-2.png\",\"width\":512,\"height\":512,\"caption\":\"Brussels Skin Center\"},\"image\":{\"@id\":\"https:\\\/\\\/www.brussels-skin-center.be\\\/nl\\\/#\\\/schema\\\/logo\\\/image\\\/\"},\"sameAs\":[\"https:\\\/\\\/www.facebook.com\\\/brusselsskincenter\\\/\",\"https:\\\/\\\/www.linkedin.com\\\/company\\\/brussels-skin-center\\\/\"]}]}<\/script>\n<!-- \/ Yoast SEO Premium plugin. -->","yoast_head_json":{"title":"Dokter C\u00e9line Dandoy - Brussels Skin Center","description":"Dr. C\u00e9line Dandoy is dermatoloog bij het BSC. Ze is gespecialiseerd in inflammatoire huidaandoeningen en dermatologische chirurgie.","robots":{"index":"index","follow":"follow","max-snippet":"max-snippet:-1","max-image-preview":"max-image-preview:large","max-video-preview":"max-video-preview:-1"},"canonical":"https:\/\/www.brussels-skin-center.be\/nl\/uw-dermatoloog-in-brussel\/dokter-celine-dandoy\/","og_locale":"nl_NL","og_type":"article","og_title":"Dokter C\u00e9line Dandoy","og_description":"Dokter C\u00e9line Dandoy Expertisegebieden van dr. C\u00e9line Dandoy Algemene dermatologie (alle leeftijden)Dermatologische chirurgie Specialisaties in algemene","og_url":"https:\/\/www.brussels-skin-center.be\/nl\/uw-dermatoloog-in-brussel\/dokter-celine-dandoy\/","og_site_name":"Brussels Skin Center","article_publisher":"https:\/\/www.facebook.com\/brusselsskincenter\/","article_modified_time":"2026-03-26T12:34:30+00:00","og_image":[{"width":400,"height":513,"url":"https:\/\/www.brussels-skin-center.be\/wp-content\/uploads\/2026\/03\/Dr-Celine-Dandoy-Dermatologue-au-Brussels-Skin-Center-1.jpg","type":"image\/jpeg"}],"twitter_misc":{"Geschatte leestijd":"2 minuten"},"schema":{"@context":"https:\/\/schema.org","@graph":[{"@type":"WebPage","@id":"https:\/\/www.brussels-skin-center.be\/nl\/uw-dermatoloog-in-brussel\/dokter-celine-dandoy\/","url":"https:\/\/www.brussels-skin-center.be\/nl\/uw-dermatoloog-in-brussel\/dokter-celine-dandoy\/","name":"Dokter C\u00e9line Dandoy - Brussels Skin Center","isPartOf":{"@id":"https:\/\/www.brussels-skin-center.be\/nl\/#website"},"primaryImageOfPage":{"@id":"https:\/\/www.brussels-skin-center.be\/nl\/uw-dermatoloog-in-brussel\/dokter-celine-dandoy\/#primaryimage"},"image":{"@id":"https:\/\/www.brussels-skin-center.be\/nl\/uw-dermatoloog-in-brussel\/dokter-celine-dandoy\/#primaryimage"},"thumbnailUrl":"https:\/\/www.brussels-skin-center.be\/wp-content\/uploads\/2026\/03\/Dr-Celine-Dandoy-Dermatologue-au-Brussels-Skin-Center-1.jpg","datePublished":"2026-03-26T12:11:35+00:00","dateModified":"2026-03-26T12:34:30+00:00","description":"Dr. C\u00e9line Dandoy is dermatoloog bij het BSC. Ze is gespecialiseerd in inflammatoire huidaandoeningen en dermatologische chirurgie.","breadcrumb":{"@id":"https:\/\/www.brussels-skin-center.be\/nl\/uw-dermatoloog-in-brussel\/dokter-celine-dandoy\/#breadcrumb"},"inLanguage":"nl-NL","potentialAction":[{"@type":"ReadAction","target":["https:\/\/www.brussels-skin-center.be\/nl\/uw-dermatoloog-in-brussel\/dokter-celine-dandoy\/"]}]},{"@type":"ImageObject","inLanguage":"nl-NL","@id":"https:\/\/www.brussels-skin-center.be\/nl\/uw-dermatoloog-in-brussel\/dokter-celine-dandoy\/#primaryimage","url":"https:\/\/www.brussels-skin-center.be\/wp-content\/uploads\/2026\/03\/Dr-Celine-Dandoy-Dermatologue-au-Brussels-Skin-Center-1.jpg","contentUrl":"https:\/\/www.brussels-skin-center.be\/wp-content\/uploads\/2026\/03\/Dr-Celine-Dandoy-Dermatologue-au-Brussels-Skin-Center-1.jpg"},{"@type":"BreadcrumbList","@id":"https:\/\/www.brussels-skin-center.be\/nl\/uw-dermatoloog-in-brussel\/dokter-celine-dandoy\/#breadcrumb","itemListElement":[{"@type":"ListItem","position":1,"name":"Home","item":"https:\/\/www.brussels-skin-center.be\/nl\/"},{"@type":"ListItem","position":2,"name":"Uw dermatoloog in Brussel","item":"https:\/\/www.brussels-skin-center.be\/nl\/uw-dermatoloog-in-brussel\/"},{"@type":"ListItem","position":3,"name":"Dokter C\u00e9line Dandoy"}]},{"@type":"WebSite","@id":"https:\/\/www.brussels-skin-center.be\/nl\/#website","url":"https:\/\/www.brussels-skin-center.be\/nl\/","name":"Brussels Skin Center","description":"Dermatologie - Dermatology","publisher":{"@id":"https:\/\/www.brussels-skin-center.be\/nl\/#organization"},"potentialAction":[{"@type":"SearchAction","target":{"@type":"EntryPoint","urlTemplate":"https:\/\/www.brussels-skin-center.be\/nl\/?s={search_term_string}"},"query-input":{"@type":"PropertyValueSpecification","valueRequired":true,"valueName":"search_term_string"}}],"inLanguage":"nl-NL"},{"@type":"Organization","@id":"https:\/\/www.brussels-skin-center.be\/nl\/#organization","name":"Brussels Skin Center","url":"https:\/\/www.brussels-skin-center.be\/nl\/","logo":{"@type":"ImageObject","inLanguage":"nl-NL","@id":"https:\/\/www.brussels-skin-center.be\/nl\/#\/schema\/logo\/image\/","url":"https:\/\/www.brussels-skin-center.be\/wp-content\/uploads\/2022\/03\/BSC_logo-2.png","contentUrl":"https:\/\/www.brussels-skin-center.be\/wp-content\/uploads\/2022\/03\/BSC_logo-2.png","width":512,"height":512,"caption":"Brussels Skin Center"},"image":{"@id":"https:\/\/www.brussels-skin-center.be\/nl\/#\/schema\/logo\/image\/"},"sameAs":["https:\/\/www.facebook.com\/brusselsskincenter\/","https:\/\/www.linkedin.com\/company\/brussels-skin-center\/"]}]}},"_links":{"self":[{"href":"https:\/\/www.brussels-skin-center.be\/nl\/wp-json\/wp\/v2\/pages\/12926","targetHints":{"allow":["GET"]}}],"collection":[{"href":"https:\/\/www.brussels-skin-center.be\/nl\/wp-json\/wp\/v2\/pages"}],"about":[{"href":"https:\/\/www.brussels-skin-center.be\/nl\/wp-json\/wp\/v2\/types\/page"}],"author":[{"embeddable":true,"href":"https:\/\/www.brussels-skin-center.be\/nl\/wp-json\/wp\/v2\/users\/6"}],"replies":[{"embeddable":true,"href":"https:\/\/www.brussels-skin-center.be\/nl\/wp-json\/wp\/v2\/comments?post=12926"}],"version-history":[{"count":0,"href":"https:\/\/www.brussels-skin-center.be\/nl\/wp-json\/wp\/v2\/pages\/12926\/revisions"}],"up":[{"embeddable":true,"href":"https:\/\/www.brussels-skin-center.be\/nl\/wp-json\/wp\/v2\/pages\/49"}],"wp:attachment":[{"href":"https:\/\/www.brussels-skin-center.be\/nl\/wp-json\/wp\/v2\/media?parent=12926"}],"curies":[{"name":"wp","href":"https:\/\/api.w.org\/{rel}","templated":true}]}}